{"id":1256,"date":"2018-04-03T11:24:40","date_gmt":"2018-04-03T14:24:40","guid":{"rendered":"http:\/\/aladaa.com.ar\/asiayafrica\/?page_id=1256"},"modified":"2018-04-03T11:41:53","modified_gmt":"2018-04-03T14:41:53","slug":"columnas-de-opinion-articulos-de-prensa","status":"publish","type":"page","link":"https:\/\/aladaa.com.ar\/asiayafrica\/columnas-de-opinion-articulos-de-prensa\/","title":{"rendered":"Prensa"},"content":{"rendered":"<h3>Columnas de opini\u00f3n\/art\u00edculos de prensa<\/h3>\n<p>&nbsp;<\/p>\n","protected":false},"excerpt":{"rendered":"<p>Columnas de opini\u00f3n\/art\u00edculos de prensa &nbsp;<\/p>\n","protected":false},"author":1,"featured_media":1075,"parent":0,"menu_order":0,"comment_status":"closed","ping_status":"closed","template":"","meta":{"footnotes":""},"class_list":["post-1256","page","type-page","status-publish","has-post-thumbnail","hentry"],"jetpack_sharing_enabled":true,"jetpack_shortlink":"https:\/\/wp.me\/P9LsG3-kg","jetpack_likes_enabled":true,"jetpack-related-posts":[{"id":1090,"url":"https:\/\/aladaa.com.ar\/asiayafrica\/enlaces\/","url_meta":{"origin":1256,"position":0},"title":"Enlaces","author":"AladaaAr","date":"20\/03\/2018","format":false,"excerpt":"Argentina ----------------------------------------- Fundaci\u00f3n Instituto de Estudios Budistas Correo de Contacto: aladaa2010@gmail.com ----------------------------------------- C\u00e1tedra de Estudios Indo-orientales C\u00e1tedra de Medicina Ayurveda Universidad Abierta Iberoamericana Sitio web: http:\/\/www.uai.edu.ar\/ ----------------------------------------- Instituto de Investigaciones Gino Germani, Facultad de Ciencias Sociales, Universidad de Buenos Aires Grupo de Estudios del Este Asi\u00e1tico (GEEA) http:\/\/www.iigg.fsoc.uba.ar\/sitiosdegrupos\/geea\/ Correo de\u2026","rel":"","context":"Entrada similar ","block_context":{"text":"Entrada similar ","link":""},"img":{"alt_text":"","src":"","width":0,"height":0},"classes":[]},{"id":1097,"url":"https:\/\/aladaa.com.ar\/asiayafrica\/institucional\/estatuto-de-aladaa\/","url_meta":{"origin":1256,"position":1},"title":"Estatuto de Aladaa Central","author":"AladaaAr","date":"20\/03\/2018","format":false,"excerpt":"Cap\u00edtulo primero PERSONALIDAD Y FINES Art. 1\u00ba La Asociaci\u00f3n Latinoamericana de Estudios de Asia y \u00c1frica (ALADAA) es una asociaci\u00f3n civil que tiene como fines intercambiar experiencias acad\u00e9micas entre sus miembros, colaborar con los centros de estudios superiores en Am\u00e9rica Latina para la formaci\u00f3n de cuadros docentes y de investigadores,\u2026","rel":"","context":"Entrada similar ","block_context":{"text":"Entrada similar ","link":""},"img":{"alt_text":"","src":"","width":0,"height":0},"classes":[]},{"id":1080,"url":"https:\/\/aladaa.com.ar\/asiayafrica\/institucional\/","url_meta":{"origin":1256,"position":2},"title":"Institucional","author":"AladaaAr","date":"20\/03\/2018","format":false,"excerpt":"La Asociaci\u00f3n Latinoamericana de Estudios de Asia y \u00c1frica (ALADAA) fue creada en 1976, al celebrarse el XXX Congreso Internacional de Ciencias Humanas de Asia y \u00c1frica del Norte, que tuvo sede en el Centro de Estudios de Asia y \u00c1frica (CEAA) de El Colegio de M\u00e9xico.Su Sede Argentina, sigue\u2026","rel":"","context":"Entrada similar ","block_context":{"text":"Entrada similar ","link":""},"img":{"alt_text":"","src":"","width":0,"height":0},"classes":[]},{"id":1156,"url":"https:\/\/aladaa.com.ar\/asiayafrica\/charlas-en-vivo\/","url_meta":{"origin":1256,"position":3},"title":"Charlas En Vivo","author":"AladaaAr","date":"22\/03\/2018","format":false,"excerpt":"Ciclo de Charlas Gratuitas Online, de ALADAA, Secci\u00f3n Argentina. Para participar de las charlas es necesario inscribirse v\u00eda congresoaladaa2017@gmail.com\u00a0[dos d\u00edas antes de la charla, se enviar\u00e1 a los inscriptos el link para acceder a a la misma]. Charlas anteriores\u00a0 \u00a0 El cogobierno de las regiones perif\u00e9ricas en la expansi\u00f3n de\u2026","rel":"","context":"Entrada similar ","block_context":{"text":"Entrada similar ","link":""},"img":{"alt_text":"","src":"https:\/\/i0.wp.com\/aladaa.com.ar\/asiayafrica\/wp-content\/uploads\/2018\/02\/ALADAA-on-line.jpg?fit=848%2C452&ssl=1&resize=350%2C200","width":350,"height":200,"srcset":"https:\/\/i0.wp.com\/aladaa.com.ar\/asiayafrica\/wp-content\/uploads\/2018\/02\/ALADAA-on-line.jpg?fit=848%2C452&ssl=1&resize=350%2C200 1x, https:\/\/i0.wp.com\/aladaa.com.ar\/asiayafrica\/wp-content\/uploads\/2018\/02\/ALADAA-on-line.jpg?fit=848%2C452&ssl=1&resize=525%2C300 1.5x, https:\/\/i0.wp.com\/aladaa.com.ar\/asiayafrica\/wp-content\/uploads\/2018\/02\/ALADAA-on-line.jpg?fit=848%2C452&ssl=1&resize=700%2C400 2x"},"classes":[]},{"id":1088,"url":"https:\/\/aladaa.com.ar\/asiayafrica\/coleccion-aladaa\/","url_meta":{"origin":1256,"position":4},"title":"Colecci\u00f3n ALADAA","author":"AladaaAr","date":"20\/03\/2018","format":false,"excerpt":"La presente colecci\u00f3n es la Colecci\u00f3n Cient\u00edfica de la Secci\u00f3n Argentina de ALADAA, que incluye la publicaci\u00f3n de Actas de eventos acad\u00e9micos (congresos, jornadas, etc.) desarrollados en el marco de ALADAA y otros textos producidos en su \u00e1mbito. Su ISSN es: 2346-8602 y se inici\u00f3 en 2013. Las Directoras de\u2026","rel":"","context":"Entrada similar ","block_context":{"text":"Entrada similar ","link":""},"img":{"alt_text":"","src":"","width":0,"height":0},"classes":[]},{"id":1159,"url":"https:\/\/aladaa.com.ar\/asiayafrica\/congresos-internacionales\/","url_meta":{"origin":1256,"position":5},"title":"Congresos Internacionales","author":"AladaaAr","date":"22\/03\/2018","format":false,"excerpt":"XVI Congreso Internacional de ALADAA, Per\u00fa - 1 al 4 de agosto de 2018 (Sitio externo) XV Congreso Internacional de ALADAA, Chile - 11 al 14 de enero de 2016 (Sitio externo) XIV Congreso Internacional de ALADAA. Argentina\u00a0 - 13-17 de agosto, 2013 (PDF)","rel":"","context":"Entrada similar ","block_context":{"text":"Entrada similar ","link":""},"img":{"alt_text":"","src":"","width":0,"height":0},"classes":[]}],"_links":{"self":[{"href":"https:\/\/aladaa.com.ar\/asiayafrica\/wp-json\/wp\/v2\/pages\/1256","targetHints":{"allow":["GET"]}}],"collection":[{"href":"https:\/\/aladaa.com.ar\/asiayafrica\/wp-json\/wp\/v2\/pages"}],"about":[{"href":"https:\/\/aladaa.com.ar\/asiayafrica\/wp-json\/wp\/v2\/types\/page"}],"author":[{"embeddable":true,"href":"https:\/\/aladaa.com.ar\/asiayafrica\/wp-json\/wp\/v2\/users\/1"}],"replies":[{"embeddable":true,"href":"https:\/\/aladaa.com.ar\/asiayafrica\/wp-json\/wp\/v2\/comments?post=1256"}],"version-history":[{"count":5,"href":"https:\/\/aladaa.com.ar\/asiayafrica\/wp-json\/wp\/v2\/pages\/1256\/revisions"}],"predecessor-version":[{"id":1263,"href":"https:\/\/aladaa.com.ar\/asiayafrica\/wp-json\/wp\/v2\/pages\/1256\/revisions\/1263"}],"wp:featuredmedia":[{"embeddable":true,"href":"https:\/\/aladaa.com.ar\/asiayafrica\/wp-json\/wp\/v2\/media\/1075"}],"wp:attachment":[{"href":"https:\/\/aladaa.com.ar\/asiayafrica\/wp-json\/wp\/v2\/media?parent=1256"}],"curies":[{"name":"wp","href":"https:\/\/api.w.org\/{rel}","templated":true}]}}