{"id":1097,"date":"2018-03-20T15:30:19","date_gmt":"2018-03-20T18:30:19","guid":{"rendered":"http:\/\/aladaa.com.ar\/asiayafrica\/?page_id=1097"},"modified":"2018-03-22T14:00:32","modified_gmt":"2018-03-22T17:00:32","slug":"estatuto-de-aladaa","status":"publish","type":"page","link":"https:\/\/aladaa.com.ar\/asiayafrica\/institucional\/estatuto-de-aladaa\/","title":{"rendered":"Estatuto de Aladaa Central"},"content":{"rendered":"<h4>Cap\u00edtulo primero<br \/>\nPERSONALIDAD Y FINES<\/h4>\n<h5>Art. 1\u00ba<\/h5>\n<p>La Asociaci\u00f3n Latinoamericana de Estudios de Asia y \u00c1frica (ALADAA) es una asociaci\u00f3n civil que tiene como fines intercambiar experiencias acad\u00e9micas entre sus miembros, colaborar con los centros de estudios superiores en Am\u00e9rica Latina para la formaci\u00f3n de cuadros docentes y de investigadores, editar revistas y boletines, intercambiar informaciones, difundir los estudios sobre Asia y \u00c1frica antigua y moderna y en general todo aquello que contribuya al conocimiento de Asia y Africa en Am\u00e9rica Latina.<\/p>\n<h5>Art. 2\u00ba<\/h5>\n<p>ALADAA es una asociaci\u00f3n sin afiliaciones pol\u00edticas o religiosas y sin objetivos de lucro.<\/p>\n<h5>Art. 3\u00ba<\/h5>\n<p>La sede de la Asociaci\u00f3n podr\u00e1 estar en cualquier pa\u00eds de Am\u00e9rica Latina.<\/p>\n<h5>Art. 4\u00ba<\/h5>\n<p>ALADAA est\u00e1 integrada por personas dedicadas a los estudios de Asia y Africa en Am\u00e9rica Latina, sin excluir a los especialistas latinoamericanos residentes fuera de la regi\u00f3n.<\/p>\n<h5>Art. 5\u00ba<\/h5>\n<p>ALADAA organizar\u00e1 peri\u00f3dicamente reuniones de sus miembros e invitados especiales a fin de intercambiar opiniones, discutir el estado actual de los estudios de Asia y Africa en Am\u00e9rica Latina y fuera de ella, as\u00ed como para exponer los resultados de las investigaciones de sus miembros.<\/p>\n<h4>Cap\u00edtulo segundo<br \/>\nDE LA ESTRUCTURA<\/h4>\n<h5>Art. 6\u00ba<\/h5>\n<p>Son \u00f3rganos de ALADAA:<\/p>\n<p>I. La Asamblea General<\/p>\n<p>II. El Presidente<\/p>\n<p>III. El Secretario General<\/p>\n<p>IV. El Consejo Consultivo<\/p>\n<p>V. Los Coordinadores Nacionales<\/p>\n<h4>Cap\u00edtulo tercero<br \/>\nDE LA ASAMBLEA GENERAL<\/h4>\n<h5>Art. 7\u00ba<\/h5>\n<p>La Asamblea General est\u00e1 constituida por los miembros ordinarios de la Asociaci\u00f3n reunidos en sesi\u00f3n plenaria.<\/p>\n<h5>Art. 8\u00ba<\/h5>\n<p>La Asamblea General es la autoridad suprema de la Asociaci\u00f3n y ser\u00e1 convocada por lo menos cada dos a\u00f1os. Las resoluciones de la Asamblea General ser\u00e1n adoptadas por simple mayor\u00eda, con excepci\u00f3n de lo estipulado en los Arts. 35\u00ba y 36\u00ba. Las Asambleas Generales deber\u00e1n efectuarse en coincidencias con alguna de las reuniones peri\u00f3dicas de la Asociaci\u00f3n.<\/p>\n<h5>Art. 9\u00ba<\/h5>\n<p>Son facultades de la Asamblea General:<\/p>\n<p>I. Confirmar al Presidente de la instituci\u00f3n que abriga al congreso como Presidente de ALADAA hasta que se fije la instituci\u00f3n anfitri\u00f3n del siguiente congreso.<\/p>\n<p>II. Elegir al Secretario General.<\/p>\n<p>III. Confirmar a los miembros del Consejo Consultivo.<\/p>\n<p>IV. Conocer los informes del Presidente y del Secretario de la Asociaci\u00f3n y aprobar los programas generales de actividades.<\/p>\n<p>V. Reformar los estatutos de la Asociaci\u00f3n.<\/p>\n<h4>Cap\u00edtulo cuarto<br \/>\nDEL PRESIDENTE<\/h4>\n<h5>Art. 10\u00ba<\/h5>\n<p>El Presidente es un cargo honor\u00edfico y corresponder\u00e1 al representante legal de la Instituci\u00f3n (o unidad administrativa) que aloje al Congreso Internacional, y durar\u00e1 en su cargo hasta que se defina la sede del siguiente congreso.<\/p>\n<p>Son obligaciones y facultades del Presidente:<\/p>\n<p>I. Tener la representaci\u00f3n legal de ALADAA, que podr\u00e1 delegar al Secretario General.<\/p>\n<p>II. Asegurar la correcta y oportuna preparaci\u00f3n del Congreso Internacional.<\/p>\n<p>III. Promover los estudios de Asia y Africa dentro y fuera de su instituci\u00f3n.<\/p>\n<p>IV. En general, velar por la buena marcha de ALADAA y por el cumplimiento de los estatutos.<\/p>\n<p>V. Presidir el Congreso y la Asamblea General de la Asociaci\u00f3n.<\/p>\n<h4>Cap\u00edtulo quinto<br \/>\nDEL SECRETARIO GENERAL<\/h4>\n<h5>Art. 12\u00ba<\/h5>\n<p>El Secretario General ser\u00e1 elegido por la Asamblea General; durar\u00e1 en su cargo tres a\u00f1os y podr\u00e1 ser reelecto por una ocasi\u00f3n.<\/p>\n<h5>Art. 13\u00ba<\/h5>\n<p>Para ser Secretario General de ALADAA se requerir\u00e1:<\/p>\n<p>I. Ser miembro ordinario de la Asociaci\u00f3n.<\/p>\n<p>II. Tener cuando menos cinco a\u00f1os de servicio docente o de investigaci\u00f3n en el campo de los estudios de Asia y \u00c1frica.<\/p>\n<p>III. Pertenecer a un centro de estudios de Asia y \u00c1frica latinoamericano de reconocido prestigio.<\/p>\n<p>IV. Contar con el apoyo de la instituci\u00f3n a la que pertenezca.<\/p>\n<h5>Art. 14\u00ba<\/h5>\n<p>Son obligaciones y facultades del Secretario General:<\/p>\n<p>I. Asesorar al Presidente y asumir sus facultades cuando \u00e9ste se las delegue.<\/p>\n<p>II. Hacerse cargo de la Secretar\u00eda General y de todos los asuntos administrativos de ALADAA.<\/p>\n<p>III. Encargarse de todos los asuntos financieros de la Asociaci\u00f3n en calidad de Tesorero.<\/p>\n<p>IV. Designar a los miembros del Consejo Consultivo.<\/p>\n<p>V. Convocar a Asambleas Generales y reuniones acad\u00e9micas.<\/p>\n<p>VI. Editar y difundir el Bolet\u00edn informativo peri\u00f3dico.<\/p>\n<p>VII. Someter a todos los miembros de ALADAA, al t\u00e9rmino de su gesti\u00f3n, un informe (incluyendo estado financiero) por escrito.<\/p>\n<h4>Cap\u00edtulo sexto<br \/>\nDEL CONSEJO CONSULTIVO<\/h4>\n<h5>Art. 15\u00ba<\/h5>\n<p>El Consejo Consultivo estar\u00e1 integrado por cuatro vocales que ser\u00e1n designados por el Secretario General. Los vocales durar\u00e1n tres a\u00f1os en sus funciones.<\/p>\n<h5>Art. 16\u00ba<\/h5>\n<p>Para ser vocal se deber\u00e1 cumplir con los mismos requisitos que para el Secretario General, exceptuando el inciso IV del Art. 13\u00ba<\/p>\n<p>.<\/p>\n<h5>Art. 17\u00ba<\/h5>\n<p>Son facultades y obligaciones de los vocales asesorar al Secretario General en todo lo que ata\u00f1e a la buena marcha de ALADAA.<\/p>\n<h4>Cap\u00edtulo s\u00e9ptimo<br \/>\nDE LOS COORDINADORES NACIONALES<\/h4>\n<h5>Art. 18\u00ba<\/h5>\n<p>Los Coordinadores Nacionales ser\u00e1n elegidos directamente y por simple mayor\u00eda de votos por los miembros ordinarios de cada pa\u00eds en Asamblea de la Secci\u00f3n. Durar\u00e1n en su cargo dos a\u00f1os y podr\u00e1n ser reelectos por una sola vez consecutiva.<\/p>\n<h5>Art. 19\u00ba<\/h5>\n<p>Para ser Coordinador Nacional se requerir\u00e1n las mismas condiciones que para el Secretario General especificadas en el Art. 13\u00ba, exceptuando el inciso IV.<\/p>\n<h5>Art. 20\u00ba<\/h5>\n<p>Son obligaciones y facultades de los Coordinadores Nacionales:<\/p>\n<p>I. Asesorar al Presidente y Secretario General.<\/p>\n<p>II. Informar a la Secretar\u00eda General de las actividades del pa\u00eds al que pertenece.<\/p>\n<p>III. Proponer al Presidente y al Secretario General el plan de actividades de su pa\u00eds.<\/p>\n<p>IV. Convocar a reuniones nacionales o regionales, previa notificaci\u00f3n al Secretario General.<\/p>\n<h4>Cap\u00edtulo octavo<br \/>\nDE LOS MIEMBROS<\/h4>\n<h5>Art. 21\u00ba<\/h5>\n<p>Habr\u00e1 cuatro categor\u00edas de miembros.<\/p>\n<p>I. Miembros ordinarios<\/p>\n<p>II. Miembros asociados<\/p>\n<p>III. Miembros honorarios<\/p>\n<p>IV. Miembros patrocinadores<\/p>\n<h5>Art. 22\u00ba<\/h5>\n<p>Tienen car\u00e1cter de miembros ordinarios aquellos investigadores y docentes residentes en Am\u00e9rica Latina o latinoamericanos residentes en otras \u00e1reas que re\u00fanan los requisitos del Art. 4\u00ba y cubran la cuota fijada.<\/p>\n<h5>Art. 23\u00ba<\/h5>\n<p>Tienen car\u00e1cter de miembros asociados aquellos estudiantes latinoamericanos que en el momento de ingresar a ALADAA est\u00e9n inscritos en centros de educaci\u00f3n superior dedicados o relacionados con los estudios de Asia y \u00c1frica y cubran la cuota fijada. Podr\u00e1n cambiar su categor\u00eda posteriormente a la de miembros ordinarios.<\/p>\n<h5>Art. 24\u00ba<\/h5>\n<p>Tienen car\u00e1cter de miembros honorarios aquellos investigadores y docentes de cualquier nacionalidad que se hayan destacado en los estudios de Asia y \u00c1frica, as\u00ed como otras personas que hayan contribuido en forma destacada al desarrollo de estos estudios en Am\u00e9rica Latina. Para ingresar como miembros honorarios se requerir\u00e1 que el interesado sea propuesto por una Comisi\u00f3n Especial designada por la Asamblea General que consultar\u00e1 a los Coordinadores Nacionales. Las propuestas ser\u00e1n consideradas en las reuniones de la Asamblea General, debiendo ser aprobadas por la misma.<\/p>\n<h5>Art. 25\u00ba<\/h5>\n<p>Tienen car\u00e1cter de miembros patrocinadores aquellas personas o instituciones que destaquen por su inter\u00e9s en las culturas de Asia y \u00c1frica y contribuya financieramente a la buena marcha de la Asociaci\u00f3n.<\/p>\n<h5>Art. 26\u00ba<\/h5>\n<p>Solamente los miembros ordinarios tendr\u00e1n derecho al voto y podr\u00e1n ser elegidos para desempe\u00f1ar cualquier cargo especificado en estos estatutos.<\/p>\n<h5>Art. 27\u00ba<\/h5>\n<p>Todos los miembros, a excepci\u00f3n de los honorarios, deber\u00e1n pagar una cuota general anual que fijar\u00e1 la Asamblea General. Cada secci\u00f3n nacional podr\u00e1 fijar cuota adicional en su Asamblea a propuesta del Coordinador Nacional.<\/p>\n<h4>Cap\u00edtulo noveno<br \/>\nDE LA SECRETARIA GENERAL<\/h4>\n<h5>Art. 28\u00ba<\/h5>\n<p>Bajo la direcci\u00f3n del Secretario General, la Secretar\u00eda General se har\u00e1 cargo de todos los asuntos concernientes a la administraci\u00f3n de ALADAA.<\/p>\n<h5>Art. 29\u00ba<\/h5>\n<p>La sede de la Secretar\u00eda General deber\u00e1 ser el Centro de Estudios a que pertenezca el Secretario General.<\/p>\n<h4>Cap\u00edtulo d\u00e9cimo<br \/>\nDE LOS ORGANOS DE DIFUSION<\/h4>\n<h5>Art. 30\u00ba<\/h5>\n<p>Para cumplir con los fines fijados en el Cap\u00edtulo I, Art. 1\u00ba, la Asociaci\u00f3n contar\u00e1 con un \u00f3rgano de difusi\u00f3n que ser\u00e1 una revista de car\u00e1cter acad\u00e9mico.<\/p>\n<p>El Secretario General designar\u00e1 a los miembros de la Comisi\u00f3n Editorial y al personal a cargo de la producci\u00f3n del \u00f3rgano.<\/p>\n<h5>Art. 31\u00ba<\/h5>\n<p>Para garantizar informaci\u00f3n r\u00e1pida y actualizada acerca de las actividades de los miembros y \u00f3rganos directivos de la Asociaci\u00f3n, la Secretar\u00eda General editar\u00e1 el Bolet\u00edn informativo peri\u00f3dico que se distribuir\u00e1 por medio electr\u00f3nico. El costo de su producci\u00f3n y mantenimiento correr\u00e1 a cargo de la Secretar\u00eda General y la instituci\u00f3n que la aloja.<\/p>\n<h5>Art. 32\u00ba<\/h5>\n<p>Todo miembro de ALADAA recibir\u00e1 un ejemplar de su \u00f3rgano de difusi\u00f3n a partir del momento de su inscripci\u00f3n en la Asociaci\u00f3n.<\/p>\n<h4>Cap\u00edtulo decimoprimero<br \/>\nDE SU FINANCIAMIENTO<\/h4>\n<h5>Art. 33\u00ba<\/h5>\n<p>ALADAA se financiar\u00e1 con las cuotas que aporten sus miembros patrocinadores, ordinarios y asociados. Podr\u00e1, asimismo, recibir donativos, cuotas especiales y otras aportaciones en efectivo y en servicios por parte de personas e instituciones p\u00fablicas o privadas, nacionales o internacionales, siempre que su aceptaci\u00f3n no imponga a la Asociaci\u00f3n condici\u00f3n alguna contraria a sus fines o comprometa la realizaci\u00f3n de sus programas.<\/p>\n<p>Las Secciones Nacionales deber\u00e1n aportar a la Secretar\u00eda General la cantidad anual fijada por el Secretario General.<\/p>\n<h4>Cap\u00edtulo decimosegundo<br \/>\nDE LA REFORMA DE LOS ESTATUTOS<\/h4>\n<h5>Art. 34\u00ba<\/h5>\n<p>Estos estatutos s\u00f3lo podr\u00e1n ser reformados por la Asamblea General a propuesta del Secretario General o una secci\u00f3n nacional. Las propuestas de reforma deber\u00e1n ser enviadas a los miembros ordinarios por lo menos sesenta d\u00edas antes de la fecha de la reuni\u00f3n.<\/p>\n<h5>Art. 35\u00ba<\/h5>\n<p>Para reformar los estatutos se deber\u00e1 contar con la participaci\u00f3n de por lo menos el 50% de los miembros ordinarios de ALADAA y se requerir\u00e1 una mayor\u00eda de las tres cuartas partes de los votos emitidos. En el caso de que no se obtenga el qu\u00f3rum fijado, el Secretario General deber\u00e1 someter las proposiciones por escrito a todos los miembros ordinarios, a fin de que \u00e9stos puedan enviar su voto (se aceptar\u00e1 voto por v\u00eda electr\u00f3nica a la Secretar\u00eda General). En este caso, ser\u00e1 necesario el 75% de los votos emitidos para aprobar una resoluci\u00f3n.<\/p>\n<h4>TRANSITORIO<\/h4>\n<h5>Art. 36\u00ba<\/h5>\n<p>Estos estatutos entrar\u00e1n en vigor una vez que hayan sido aprobados por los miembros fundadores.<\/p>\n","protected":false},"excerpt":{"rendered":"<p>Cap\u00edtulo primero PERSONALIDAD Y FINES Art. 1\u00ba La Asociaci\u00f3n Latinoamericana de Estudios de Asia y \u00c1frica (ALADAA) es una asociaci\u00f3n civil que tiene como fines intercambiar experiencias acad\u00e9micas entre sus miembros, colaborar con los centros de estudios superiores en Am\u00e9rica Latina para la formaci\u00f3n de&hellip; <br \/><a class=\"more-link\" href=\"https:\/\/aladaa.com.ar\/asiayafrica\/institucional\/estatuto-de-aladaa\/\">Continue reading <span class=\"screen-reader-text\">Estatuto de Aladaa Central<\/span><\/a><\/p>\n","protected":false},"author":1,"featured_media":0,"parent":1080,"menu_order":0,"comment_status":"closed","ping_status":"closed","template":"sidebar-page.php","meta":{"footnotes":""},"class_list":["post-1097","page","type-page","status-publish","hentry"],"jetpack_sharing_enabled":true,"jetpack_shortlink":"https:\/\/wp.me\/P9LsG3-hH","jetpack_likes_enabled":true,"jetpack-related-posts":[{"id":1080,"url":"https:\/\/aladaa.com.ar\/asiayafrica\/institucional\/","url_meta":{"origin":1097,"position":0},"title":"Institucional","author":"AladaaAr","date":"20\/03\/2018","format":false,"excerpt":"La Asociaci\u00f3n Latinoamericana de Estudios de Asia y \u00c1frica (ALADAA) fue creada en 1976, al celebrarse el XXX Congreso Internacional de Ciencias Humanas de Asia y \u00c1frica del Norte, que tuvo sede en el Centro de Estudios de Asia y \u00c1frica (CEAA) de El Colegio de M\u00e9xico.Su Sede Argentina, sigue\u2026","rel":"","context":"Entrada similar ","block_context":{"text":"Entrada similar ","link":""},"img":{"alt_text":"","src":"","width":0,"height":0},"classes":[]},{"id":1090,"url":"https:\/\/aladaa.com.ar\/asiayafrica\/enlaces\/","url_meta":{"origin":1097,"position":1},"title":"Enlaces","author":"AladaaAr","date":"20\/03\/2018","format":false,"excerpt":"Argentina ----------------------------------------- Fundaci\u00f3n Instituto de Estudios Budistas Correo de Contacto: aladaa2010@gmail.com ----------------------------------------- C\u00e1tedra de Estudios Indo-orientales C\u00e1tedra de Medicina Ayurveda Universidad Abierta Iberoamericana Sitio web: http:\/\/www.uai.edu.ar\/ ----------------------------------------- Instituto de Investigaciones Gino Germani, Facultad de Ciencias Sociales, Universidad de Buenos Aires Grupo de Estudios del Este Asi\u00e1tico (GEEA) http:\/\/www.iigg.fsoc.uba.ar\/sitiosdegrupos\/geea\/ Correo de\u2026","rel":"","context":"Entrada similar ","block_context":{"text":"Entrada similar ","link":""},"img":{"alt_text":"","src":"","width":0,"height":0},"classes":[]},{"id":1086,"url":"https:\/\/aladaa.com.ar\/asiayafrica\/publicaciones\/","url_meta":{"origin":1097,"position":2},"title":"Boletines","author":"AladaaAr","date":"20\/03\/2018","format":false,"excerpt":"Boletines de ALADAA Argentina Las relaciones de Corea del Sur y Jap\u00f3n en el contexto internacional Rodolfo Molina, Septiembre 2012 El impacto del terrorismo y otras formas de violencia en el turismo internacional del Siglo XXI. El caso de Argentina Norberto M\u00e9ndez, Julio 2012 Les personnages f\u00e9minins de Sembene Oussmane\u2026","rel":"","context":"Entrada similar ","block_context":{"text":"Entrada similar ","link":""},"img":{"alt_text":"","src":"","width":0,"height":0},"classes":[]},{"id":1156,"url":"https:\/\/aladaa.com.ar\/asiayafrica\/charlas-en-vivo\/","url_meta":{"origin":1097,"position":3},"title":"Charlas En Vivo","author":"AladaaAr","date":"22\/03\/2018","format":false,"excerpt":"Ciclo de Charlas Gratuitas Online, de ALADAA, Secci\u00f3n Argentina. Para participar de las charlas es necesario inscribirse v\u00eda congresoaladaa2017@gmail.com\u00a0[dos d\u00edas antes de la charla, se enviar\u00e1 a los inscriptos el link para acceder a a la misma]. Charlas anteriores\u00a0 \u00a0 El cogobierno de las regiones perif\u00e9ricas en la expansi\u00f3n de\u2026","rel":"","context":"Entrada similar ","block_context":{"text":"Entrada similar ","link":""},"img":{"alt_text":"","src":"https:\/\/i0.wp.com\/aladaa.com.ar\/asiayafrica\/wp-content\/uploads\/2018\/02\/ALADAA-on-line.jpg?fit=848%2C452&ssl=1&resize=350%2C200","width":350,"height":200,"srcset":"https:\/\/i0.wp.com\/aladaa.com.ar\/asiayafrica\/wp-content\/uploads\/2018\/02\/ALADAA-on-line.jpg?fit=848%2C452&ssl=1&resize=350%2C200 1x, https:\/\/i0.wp.com\/aladaa.com.ar\/asiayafrica\/wp-content\/uploads\/2018\/02\/ALADAA-on-line.jpg?fit=848%2C452&ssl=1&resize=525%2C300 1.5x, https:\/\/i0.wp.com\/aladaa.com.ar\/asiayafrica\/wp-content\/uploads\/2018\/02\/ALADAA-on-line.jpg?fit=848%2C452&ssl=1&resize=700%2C400 2x"},"classes":[]},{"id":1983,"url":"https:\/\/aladaa.com.ar\/asiayafrica\/los-estudios-africanos-y-asiaticos-en-2022-actas-del-x-congreso-nacional-aladaa-argentina\/","url_meta":{"origin":1097,"position":4},"title":"LOS ESTUDIOS AFRICANOS Y ASI\u00c1TICOS EN 2022 \u2013 Actas del X Congreso Nacional ALADAA Argentina","author":"Coordinaci\u00f3n Aladaa","date":"13\/07\/2023","format":false,"excerpt":"VER LIBRO","rel":"","context":"Entrada similar ","block_context":{"text":"Entrada similar ","link":""},"img":{"alt_text":"","src":"https:\/\/i0.wp.com\/aladaa.com.ar\/asiayafrica\/wp-content\/uploads\/2023\/07\/presentacion-libro-02.png?resize=350%2C200&ssl=1","width":350,"height":200,"srcset":"https:\/\/i0.wp.com\/aladaa.com.ar\/asiayafrica\/wp-content\/uploads\/2023\/07\/presentacion-libro-02.png?resize=350%2C200&ssl=1 1x, https:\/\/i0.wp.com\/aladaa.com.ar\/asiayafrica\/wp-content\/uploads\/2023\/07\/presentacion-libro-02.png?resize=525%2C300&ssl=1 1.5x"},"classes":[]},{"id":1088,"url":"https:\/\/aladaa.com.ar\/asiayafrica\/coleccion-aladaa\/","url_meta":{"origin":1097,"position":5},"title":"Colecci\u00f3n ALADAA","author":"AladaaAr","date":"20\/03\/2018","format":false,"excerpt":"La presente colecci\u00f3n es la Colecci\u00f3n Cient\u00edfica de la Secci\u00f3n Argentina de ALADAA, que incluye la publicaci\u00f3n de Actas de eventos acad\u00e9micos (congresos, jornadas, etc.) desarrollados en el marco de ALADAA y otros textos producidos en su \u00e1mbito. Su ISSN es: 2346-8602 y se inici\u00f3 en 2013. Las Directoras de\u2026","rel":"","context":"Entrada similar ","block_context":{"text":"Entrada similar ","link":""},"img":{"alt_text":"","src":"","width":0,"height":0},"classes":[]}],"_links":{"self":[{"href":"https:\/\/aladaa.com.ar\/asiayafrica\/wp-json\/wp\/v2\/pages\/1097","targetHints":{"allow":["GET"]}}],"collection":[{"href":"https:\/\/aladaa.com.ar\/asiayafrica\/wp-json\/wp\/v2\/pages"}],"about":[{"href":"https:\/\/aladaa.com.ar\/asiayafrica\/wp-json\/wp\/v2\/types\/page"}],"author":[{"embeddable":true,"href":"https:\/\/aladaa.com.ar\/asiayafrica\/wp-json\/wp\/v2\/users\/1"}],"replies":[{"embeddable":true,"href":"https:\/\/aladaa.com.ar\/asiayafrica\/wp-json\/wp\/v2\/comments?post=1097"}],"version-history":[{"count":2,"href":"https:\/\/aladaa.com.ar\/asiayafrica\/wp-json\/wp\/v2\/pages\/1097\/revisions"}],"predecessor-version":[{"id":1102,"href":"https:\/\/aladaa.com.ar\/asiayafrica\/wp-json\/wp\/v2\/pages\/1097\/revisions\/1102"}],"up":[{"embeddable":true,"href":"https:\/\/aladaa.com.ar\/asiayafrica\/wp-json\/wp\/v2\/pages\/1080"}],"wp:attachment":[{"href":"https:\/\/aladaa.com.ar\/asiayafrica\/wp-json\/wp\/v2\/media?parent=1097"}],"curies":[{"name":"wp","href":"https:\/\/api.w.org\/{rel}","templated":true}]}}