{"id":1088,"date":"2018-03-20T15:23:06","date_gmt":"2018-03-20T18:23:06","guid":{"rendered":"http:\/\/aladaa.com.ar\/asiayafrica\/?page_id=1088"},"modified":"2021-07-01T16:35:01","modified_gmt":"2021-07-01T19:35:01","slug":"coleccion-aladaa","status":"publish","type":"page","link":"https:\/\/aladaa.com.ar\/asiayafrica\/coleccion-aladaa\/","title":{"rendered":"Colecci\u00f3n ALADAA"},"content":{"rendered":"<p>La presente colecci\u00f3n es la <strong>Colecci\u00f3n Cient\u00edfica de la Secci\u00f3n Argentina de ALADAA<\/strong>, que incluye la publicaci\u00f3n de Actas de eventos acad\u00e9micos (congresos, jornadas, etc.) desarrollados en el marco de ALADAA y otros textos producidos en su \u00e1mbito. Su ISSN es:<strong> 2346-8602<\/strong> y se inici\u00f3 en 2013.<\/p>\n<p>Las Directoras de la Colecci\u00f3n son: Cecilia Onaha y L\u00eda Rodriguez de la Vega.<\/p>\n<p>El Comit\u00e9 Editorial est\u00e1 formado por: Mar\u00eda Agostina Cacault, Alejandra Conconi, Maya Alvisa, Ezequiel Ramoneda y Luciano Lanare.<\/p>\n<p>El Comit\u00e9 de Asesores Cient\u00edficos est\u00e1 formado por : Marta Maffia, Marcelo Campagno, Carolina Mera, Marisa Pineau y Jorge Malena.<\/p>\n<ul>\n<li><a href=\"http:\/\/aladaa.com.ar\/asiayafrica\/wp-content\/uploads\/2021\/07\/Documento-10-Congreso-Nacional-de-ALADAA-Argentina.pdf\">Actas del Congreso Nacional de ALADAA, Secci\u00f3n Argentina, 2019 &#8212; Documento 10<\/a> (PDF)<\/li>\n<li><a href=\"http:\/\/aladaa.com.ar\/asiayafrica\/wp-content\/uploads\/2018\/12\/2018.-ACTAS.-DOCUMENTO-9.pdf\">Actas del Congreso Nacional de ALADAA, Secci\u00f3n Argentina, 2017 &#8212; DOCUMENTO 9<\/a> (PDF)<\/li>\n<li><a href=\"http:\/\/aladaa.com.ar\/asiayafrica\/wp-content\/uploads\/2018\/12\/2018.-ACTAS.-DOCUMENTO-8.pdf\">Actas del Congreso Nacional de ALADAA, Secci\u00f3n Argentina, 2017 &#8212; DOCUMENTO 8<\/a> (PDF)<\/li>\n<li><a href=\"http:\/\/aladaa.com.ar\/asiayafrica\/wp-content\/uploads\/2018\/12\/2018.-ACTAS.-DOCUMENTO-7.pdf\">Actas del Congreso Nacional de ALADAA, Secci\u00f3n Argentina, 2017 &#8212; DOCUMENTO 7<\/a> (PDF)<\/li>\n<li><a href=\"http:\/\/aladaa.com.ar\/asiayafrica\/wp-content\/uploads\/2018\/12\/2018.-ACTAS.-DOCUMENTO-6.pdf\">Actas del Congreso Nacional de ALADAA, Secci\u00f3n Argentina, 2017 &#8212; DOCUMENTO 6<\/a> (PDF)<\/li>\n<li><a href=\"http:\/\/aladaa.com.ar\/asiayafrica\/wp-content\/uploads\/2018\/12\/2018.-ACTAS.-DOCUMENTO-5.pdf\">Actas del Congreso Nacional de ALADAA, Secci\u00f3n Argentina, 2017 &#8212; DOCUMENTO 5<\/a> (PDF)<\/li>\n<li><a title=\"Actas Congreso ALADAA Argentina 2014\" href=\"http:\/\/www.aladaa.com.ar\/coleccionaladaa\/CONGRESO-NACIONAL-ALADAA-ARGENTINA2014.pdf\">Actas del Congreso Nacional de ALADAA, Secci\u00f3n Argentina, 2014 &#8212; DOCUMENTO 4<\/a> (PDF)<\/li>\n<li><a title=\"Actas Complementarias 2013\" href=\"http:\/\/aladaa.com.ar\/coleccionaladaa\/XIVCongresoInternacionalActasComplementarias.pdf\">XIV Congreso Internacional de ALADAA.La Plata, 2013 Actas complementarias &#8212; DOCUMENTO 2<\/a> (PDF)<\/li>\n<li><a href=\"http:\/\/www.aladaa.com.ar\/coleccionaladaa\/ALADAA_XIV_Congreso_Internacional_2013-1.pdf\">XIV Congreso Internacional de ALADAA, La Plata, 2013 Actas &#8212; DOCUMENTO 1<\/a> (PDF)<\/li>\n<\/ul>\n","protected":false},"excerpt":{"rendered":"<p>La presente colecci\u00f3n es la Colecci\u00f3n Cient\u00edfica de la Secci\u00f3n Argentina de ALADAA, que incluye la publicaci\u00f3n de Actas de eventos acad\u00e9micos (congresos, jornadas, etc.) desarrollados en el marco de ALADAA y otros textos producidos en su \u00e1mbito. Su ISSN es: 2346-8602 y se inici\u00f3&hellip; <br \/><a class=\"more-link\" href=\"https:\/\/aladaa.com.ar\/asiayafrica\/coleccion-aladaa\/\">Continue reading <span class=\"screen-reader-text\">Colecci\u00f3n ALADAA<\/span><\/a><\/p>\n","protected":false},"author":1,"featured_media":0,"parent":0,"menu_order":0,"comment_status":"closed","ping_status":"closed","template":"","meta":{"footnotes":""},"class_list":["post-1088","page","type-page","status-publish","hentry"],"jetpack_sharing_enabled":true,"jetpack_shortlink":"https:\/\/wp.me\/P9LsG3-hy","jetpack_likes_enabled":true,"jetpack-related-posts":[{"id":1983,"url":"https:\/\/aladaa.com.ar\/asiayafrica\/los-estudios-africanos-y-asiaticos-en-2022-actas-del-x-congreso-nacional-aladaa-argentina\/","url_meta":{"origin":1088,"position":0},"title":"LOS ESTUDIOS AFRICANOS Y ASI\u00c1TICOS EN 2022 \u2013 Actas del X Congreso Nacional ALADAA Argentina","author":"Coordinaci\u00f3n Aladaa","date":"13\/07\/2023","format":false,"excerpt":"VER LIBRO","rel":"","context":"Entrada similar ","block_context":{"text":"Entrada similar ","link":""},"img":{"alt_text":"","src":"https:\/\/i0.wp.com\/aladaa.com.ar\/asiayafrica\/wp-content\/uploads\/2023\/07\/presentacion-libro-02.png?resize=350%2C200&ssl=1","width":350,"height":200,"srcset":"https:\/\/i0.wp.com\/aladaa.com.ar\/asiayafrica\/wp-content\/uploads\/2023\/07\/presentacion-libro-02.png?resize=350%2C200&ssl=1 1x, https:\/\/i0.wp.com\/aladaa.com.ar\/asiayafrica\/wp-content\/uploads\/2023\/07\/presentacion-libro-02.png?resize=525%2C300&ssl=1 1.5x"},"classes":[]},{"id":1158,"url":"https:\/\/aladaa.com.ar\/asiayafrica\/congresos-nacionales\/","url_meta":{"origin":1088,"position":1},"title":"Congresos Nacionales","author":"AladaaAr","date":"22\/03\/2018","format":false,"excerpt":"Congreso Nacional de ALADAA, Secci\u00f3n Argentina, 2017 Programa y mesas Congreso Nacional de ALADAA, Secci\u00f3n Argentina, 2014 Programa y Mesas Congreso Nacional de ALADAA, Secci\u00f3n Argentina, 2012 Tercera Circular Congreso Nacional de ALADAA, Secci\u00f3n Argentina, 2010 Programa y Ponencias Congreso Nacional de ALADAA, Secci\u00f3n Argentina, 2008 Programa y ponencias Congreso\u2026","rel":"","context":"Entrada similar ","block_context":{"text":"Entrada similar ","link":""},"img":{"alt_text":"","src":"","width":0,"height":0},"classes":[]},{"id":1080,"url":"https:\/\/aladaa.com.ar\/asiayafrica\/institucional\/","url_meta":{"origin":1088,"position":2},"title":"Institucional","author":"AladaaAr","date":"20\/03\/2018","format":false,"excerpt":"La Asociaci\u00f3n Latinoamericana de Estudios de Asia y \u00c1frica (ALADAA) fue creada en 1976, al celebrarse el XXX Congreso Internacional de Ciencias Humanas de Asia y \u00c1frica del Norte, que tuvo sede en el Centro de Estudios de Asia y \u00c1frica (CEAA) de El Colegio de M\u00e9xico.Su Sede Argentina, sigue\u2026","rel":"","context":"Entrada similar ","block_context":{"text":"Entrada similar ","link":""},"img":{"alt_text":"","src":"","width":0,"height":0},"classes":[]},{"id":1097,"url":"https:\/\/aladaa.com.ar\/asiayafrica\/institucional\/estatuto-de-aladaa\/","url_meta":{"origin":1088,"position":3},"title":"Estatuto de Aladaa Central","author":"AladaaAr","date":"20\/03\/2018","format":false,"excerpt":"Cap\u00edtulo primero PERSONALIDAD Y FINES Art. 1\u00ba La Asociaci\u00f3n Latinoamericana de Estudios de Asia y \u00c1frica (ALADAA) es una asociaci\u00f3n civil que tiene como fines intercambiar experiencias acad\u00e9micas entre sus miembros, colaborar con los centros de estudios superiores en Am\u00e9rica Latina para la formaci\u00f3n de cuadros docentes y de investigadores,\u2026","rel":"","context":"Entrada similar ","block_context":{"text":"Entrada similar ","link":""},"img":{"alt_text":"","src":"","width":0,"height":0},"classes":[]},{"id":1156,"url":"https:\/\/aladaa.com.ar\/asiayafrica\/charlas-en-vivo\/","url_meta":{"origin":1088,"position":4},"title":"Charlas En Vivo","author":"AladaaAr","date":"22\/03\/2018","format":false,"excerpt":"Ciclo de Charlas Gratuitas Online, de ALADAA, Secci\u00f3n Argentina. Para participar de las charlas es necesario inscribirse v\u00eda congresoaladaa2017@gmail.com\u00a0[dos d\u00edas antes de la charla, se enviar\u00e1 a los inscriptos el link para acceder a a la misma]. Charlas anteriores\u00a0 \u00a0 El cogobierno de las regiones perif\u00e9ricas en la expansi\u00f3n de\u2026","rel":"","context":"Entrada similar ","block_context":{"text":"Entrada similar ","link":""},"img":{"alt_text":"","src":"https:\/\/i0.wp.com\/aladaa.com.ar\/asiayafrica\/wp-content\/uploads\/2018\/02\/ALADAA-on-line.jpg?fit=848%2C452&ssl=1&resize=350%2C200","width":350,"height":200,"srcset":"https:\/\/i0.wp.com\/aladaa.com.ar\/asiayafrica\/wp-content\/uploads\/2018\/02\/ALADAA-on-line.jpg?fit=848%2C452&ssl=1&resize=350%2C200 1x, https:\/\/i0.wp.com\/aladaa.com.ar\/asiayafrica\/wp-content\/uploads\/2018\/02\/ALADAA-on-line.jpg?fit=848%2C452&ssl=1&resize=525%2C300 1.5x, https:\/\/i0.wp.com\/aladaa.com.ar\/asiayafrica\/wp-content\/uploads\/2018\/02\/ALADAA-on-line.jpg?fit=848%2C452&ssl=1&resize=700%2C400 2x"},"classes":[]},{"id":1086,"url":"https:\/\/aladaa.com.ar\/asiayafrica\/publicaciones\/","url_meta":{"origin":1088,"position":5},"title":"Boletines","author":"AladaaAr","date":"20\/03\/2018","format":false,"excerpt":"Boletines de ALADAA Argentina Las relaciones de Corea del Sur y Jap\u00f3n en el contexto internacional Rodolfo Molina, Septiembre 2012 El impacto del terrorismo y otras formas de violencia en el turismo internacional del Siglo XXI. El caso de Argentina Norberto M\u00e9ndez, Julio 2012 Les personnages f\u00e9minins de Sembene Oussmane\u2026","rel":"","context":"Entrada similar ","block_context":{"text":"Entrada similar ","link":""},"img":{"alt_text":"","src":"","width":0,"height":0},"classes":[]}],"_links":{"self":[{"href":"https:\/\/aladaa.com.ar\/asiayafrica\/wp-json\/wp\/v2\/pages\/1088","targetHints":{"allow":["GET"]}}],"collection":[{"href":"https:\/\/aladaa.com.ar\/asiayafrica\/wp-json\/wp\/v2\/pages"}],"about":[{"href":"https:\/\/aladaa.com.ar\/asiayafrica\/wp-json\/wp\/v2\/types\/page"}],"author":[{"embeddable":true,"href":"https:\/\/aladaa.com.ar\/asiayafrica\/wp-json\/wp\/v2\/users\/1"}],"replies":[{"embeddable":true,"href":"https:\/\/aladaa.com.ar\/asiayafrica\/wp-json\/wp\/v2\/comments?post=1088"}],"version-history":[{"count":11,"href":"https:\/\/aladaa.com.ar\/asiayafrica\/wp-json\/wp\/v2\/pages\/1088\/revisions"}],"predecessor-version":[{"id":1893,"href":"https:\/\/aladaa.com.ar\/asiayafrica\/wp-json\/wp\/v2\/pages\/1088\/revisions\/1893"}],"wp:attachment":[{"href":"https:\/\/aladaa.com.ar\/asiayafrica\/wp-json\/wp\/v2\/media?parent=1088"}],"curies":[{"name":"wp","href":"https:\/\/api.w.org\/{rel}","templated":true}]}}