{"id":1086,"date":"2018-03-20T15:22:16","date_gmt":"2018-03-20T18:22:16","guid":{"rendered":"http:\/\/aladaa.com.ar\/asiayafrica\/?page_id=1086"},"modified":"2018-03-22T13:52:48","modified_gmt":"2018-03-22T16:52:48","slug":"publicaciones","status":"publish","type":"page","link":"https:\/\/aladaa.com.ar\/asiayafrica\/publicaciones\/","title":{"rendered":"Boletines"},"content":{"rendered":"<h4>Boletines de ALADAA Argentina<\/h4>\n<p><a href=\"http:\/\/www.aladaa.com.ar\/Publicaciones\/Molina_Boletin_ALADAA_Septiembre_2011.pdf\"><strong>Las relaciones de Corea del Sur y Jap\u00f3n en el contexto internacional<\/strong><\/a> Rodolfo Molina, Septiembre 2012<\/p>\n<p><a href=\"http:\/\/www.aladaa.com.ar\/Publicaciones\/Mendez_Boletin_ALADAA_Julio_2012.pdf\"><strong>El impacto del terrorismo y otras formas de violencia en el turismo internacional del Siglo XXI. El caso de Argentina<\/strong><\/a> Norberto M\u00e9ndez, Julio 2012<\/p>\n<p><a href=\"http:\/\/www.aladaa.com.ar\/Publicaciones\/Bergui_Boletin_ALADAA_Mayo_2012.pdf\"><strong>Les personnages f\u00e9minins de Sembene Oussmane ou la marginalisation au second degr\u00e9<\/strong><\/a> Khadija Bergui, Mayo 2012<\/p>\n<p><a href=\"http:\/\/www.aladaa.com.ar\/Publicaciones\/Tola_Drago_Boletin_ALADAA_Abril_2012.pdf\"><strong>Buddhist Conception of Reality<\/strong><\/a> Fernando Tola, Carmen Dragonetti (Institute of Buddhist Studies Foundation, FIEB\/CONICET\/Argentina), Abril 2012<\/p>\n<p><a href=\"http:\/\/www.aladaa.com.ar\/Publicaciones\/Picotti_Boletin_ALADAA_Marzo_2012.pdf\"><strong>Proyecto de investigaci\u00f3n Tlamantine. Rasgos Actuales del Pensamiento Afroamericano. Resistencia y Creatividad<\/strong><\/a> Dina V. Picotti C. UNGS \u2013 Argentina, Marzo 2012<\/p>\n<p><a href=\"http:\/\/www.aladaa.com.ar\/Publicaciones\/Botta_Boletin_ALADAA_Noviembre_2011.pdf\"><strong>Cristianismo en Ir\u00e1n: Las iglesias asiria (nestoriana) y caldea en la Rep\u00fablica Isl\u00e1mica<\/strong><\/a> Paulo Botta, Noviembre 2011<\/p>\n<p><a href=\"http:\/\/www.aladaa.com.ar\/Publicaciones\/Girado_Boletin_ALADAA_Octubre_2011.pdf\"><strong>Argentina y China. Aportes para un mayor acercamiento econ\u00f3mico y pol\u00edtico<\/strong><\/a> Gustavo Girado, Octubre 2011<\/p>\n<p><a href=\"http:\/\/www.aladaa.com.ar\/Publicaciones\/Mendez_Boletin_ALADAA_Marzo_2011.pdf\"><strong>El islam est\u00e1 presente<\/strong><\/a> Norberto M\u00e9ndez, Marzo 2011<\/p>\n<h4>Aportes para el desarrollo humano en Argentina \/ 2011: Afrodescendientes y africanos en Argentina<\/h4>\n<p>Coordinado por Ruben Mercado y Gabriela Catterberg. &#8211; 1a ed. &#8211; Buenos Aires: Programa Naciones Unidas para el Desarrollo &#8211; PNUD, 2011.104 p. ; 28&#215;21 cm. ISBN 978-987-1560-31-8 1. Historia de la Inmigraci\u00f3n Africana. 2. Desarrollo Humano. I. Mercado, Ruben, coord. II. Catterberg, Gabriela, coord.<br \/>\n<a href=\"http:\/\/www.aladaa.com.ar\/Publicaciones\/PNUD_Afro_Argentina.pdf\">Descargar PDF<\/a><\/p>\n<h4>Bolet\u00edn de Estudios Africanos<\/h4>\n<p>Universidad Externado de Colombia, Facultad de Finanzas, Gobierno y Relaciones Internacionales. Centro de Investigaciones y Proyectos Especiales \u2013 CIPE. Sitio web: <a href=\"http:\/\/www.uexternado.edu.co\/africa\">http:\/\/www.uexternado.edu.co\/africa\/espanol.htm<\/a><br \/>\nCorreo de Contacto: africa@uexternado.edu.co<\/p>\n<h5><a title=\"Estudios Africanos 4\" href=\"http:\/\/www.aladaa.com.ar\/Publicaciones\/Estudios_Africanos_4.pdf\">Bolet\u00edn 04 | Enero \u2013 Febrero de 2012<\/a><\/h5>\n<h5><a title=\"Estudios Africanos 3\" href=\"http:\/\/www.aladaa.com.ar\/Publicaciones\/Estudios_Africanos_3.pdf\">Bolet\u00edn 003 | Noviembre \u2013 Diciembre de 2011<\/a><\/h5>\n<h5><a title=\"Estudios Africanos 2\" href=\"http:\/\/www.aladaa.com.ar\/Publicaciones\/Estudios_Africanos_2.pdf\">Bolet\u00edn 002 | Septiembre &#8211; Octubre de 2011<\/a><\/h5>\n<h5><a title=\"Estudios Africanos 1\" href=\"http:\/\/www.aladaa.com.ar\/Publicaciones\/Estudios_Africanos_1.pdf\">Bolet\u00edn 001 | Julio &#8211; Agosto de 2011<\/a><\/h5>\n","protected":false},"excerpt":{"rendered":"<p>Boletines de ALADAA Argentina Las relaciones de Corea del Sur y Jap\u00f3n en el contexto internacional Rodolfo Molina, Septiembre 2012 El impacto del terrorismo y otras formas de violencia en el turismo internacional del Siglo XXI. El caso de Argentina Norberto M\u00e9ndez, Julio 2012 Les&hellip; <br \/><a class=\"more-link\" href=\"https:\/\/aladaa.com.ar\/asiayafrica\/publicaciones\/\">Continue reading <span class=\"screen-reader-text\">Boletines<\/span><\/a><\/p>\n","protected":false},"author":1,"featured_media":0,"parent":0,"menu_order":0,"comment_status":"closed","ping_status":"closed","template":"sidebar-page.php","meta":{"footnotes":""},"class_list":["post-1086","page","type-page","status-publish","hentry"],"jetpack_sharing_enabled":true,"jetpack_shortlink":"https:\/\/wp.me\/P9LsG3-hw","jetpack_likes_enabled":true,"jetpack-related-posts":[{"id":1088,"url":"https:\/\/aladaa.com.ar\/asiayafrica\/coleccion-aladaa\/","url_meta":{"origin":1086,"position":0},"title":"Colecci\u00f3n ALADAA","author":"AladaaAr","date":"20\/03\/2018","format":false,"excerpt":"La presente colecci\u00f3n es la Colecci\u00f3n Cient\u00edfica de la Secci\u00f3n Argentina de ALADAA, que incluye la publicaci\u00f3n de Actas de eventos acad\u00e9micos (congresos, jornadas, etc.) desarrollados en el marco de ALADAA y otros textos producidos en su \u00e1mbito. Su ISSN es: 2346-8602 y se inici\u00f3 en 2013. Las Directoras de\u2026","rel":"","context":"Entrada similar ","block_context":{"text":"Entrada similar ","link":""},"img":{"alt_text":"","src":"","width":0,"height":0},"classes":[]},{"id":1176,"url":"https:\/\/aladaa.com.ar\/asiayafrica\/publicaciones-2\/","url_meta":{"origin":1086,"position":1},"title":"Publicaciones","author":"AladaaAr","date":"22\/03\/2018","format":false,"excerpt":"Boletines de ALADAA Argentina","rel":"","context":"Entrada similar ","block_context":{"text":"Entrada similar ","link":""},"img":{"alt_text":"","src":"","width":0,"height":0},"classes":[]},{"id":1080,"url":"https:\/\/aladaa.com.ar\/asiayafrica\/institucional\/","url_meta":{"origin":1086,"position":2},"title":"Institucional","author":"AladaaAr","date":"20\/03\/2018","format":false,"excerpt":"La Asociaci\u00f3n Latinoamericana de Estudios de Asia y \u00c1frica (ALADAA) fue creada en 1976, al celebrarse el XXX Congreso Internacional de Ciencias Humanas de Asia y \u00c1frica del Norte, que tuvo sede en el Centro de Estudios de Asia y \u00c1frica (CEAA) de El Colegio de M\u00e9xico.Su Sede Argentina, sigue\u2026","rel":"","context":"Entrada similar ","block_context":{"text":"Entrada similar ","link":""},"img":{"alt_text":"","src":"","width":0,"height":0},"classes":[]},{"id":1156,"url":"https:\/\/aladaa.com.ar\/asiayafrica\/charlas-en-vivo\/","url_meta":{"origin":1086,"position":3},"title":"Charlas En Vivo","author":"AladaaAr","date":"22\/03\/2018","format":false,"excerpt":"Ciclo de Charlas Gratuitas Online, de ALADAA, Secci\u00f3n Argentina. Para participar de las charlas es necesario inscribirse v\u00eda congresoaladaa2017@gmail.com\u00a0[dos d\u00edas antes de la charla, se enviar\u00e1 a los inscriptos el link para acceder a a la misma]. Charlas anteriores\u00a0 \u00a0 El cogobierno de las regiones perif\u00e9ricas en la expansi\u00f3n de\u2026","rel":"","context":"Entrada similar ","block_context":{"text":"Entrada similar ","link":""},"img":{"alt_text":"","src":"https:\/\/i0.wp.com\/aladaa.com.ar\/asiayafrica\/wp-content\/uploads\/2018\/02\/ALADAA-on-line.jpg?fit=848%2C452&ssl=1&resize=350%2C200","width":350,"height":200,"srcset":"https:\/\/i0.wp.com\/aladaa.com.ar\/asiayafrica\/wp-content\/uploads\/2018\/02\/ALADAA-on-line.jpg?fit=848%2C452&ssl=1&resize=350%2C200 1x, https:\/\/i0.wp.com\/aladaa.com.ar\/asiayafrica\/wp-content\/uploads\/2018\/02\/ALADAA-on-line.jpg?fit=848%2C452&ssl=1&resize=525%2C300 1.5x, https:\/\/i0.wp.com\/aladaa.com.ar\/asiayafrica\/wp-content\/uploads\/2018\/02\/ALADAA-on-line.jpg?fit=848%2C452&ssl=1&resize=700%2C400 2x"},"classes":[]},{"id":1090,"url":"https:\/\/aladaa.com.ar\/asiayafrica\/enlaces\/","url_meta":{"origin":1086,"position":4},"title":"Enlaces","author":"AladaaAr","date":"20\/03\/2018","format":false,"excerpt":"Argentina ----------------------------------------- Fundaci\u00f3n Instituto de Estudios Budistas Correo de Contacto: aladaa2010@gmail.com ----------------------------------------- C\u00e1tedra de Estudios Indo-orientales C\u00e1tedra de Medicina Ayurveda Universidad Abierta Iberoamericana Sitio web: http:\/\/www.uai.edu.ar\/ ----------------------------------------- Instituto de Investigaciones Gino Germani, Facultad de Ciencias Sociales, Universidad de Buenos Aires Grupo de Estudios del Este Asi\u00e1tico (GEEA) http:\/\/www.iigg.fsoc.uba.ar\/sitiosdegrupos\/geea\/ Correo de\u2026","rel":"","context":"Entrada similar ","block_context":{"text":"Entrada similar ","link":""},"img":{"alt_text":"","src":"","width":0,"height":0},"classes":[]},{"id":1097,"url":"https:\/\/aladaa.com.ar\/asiayafrica\/institucional\/estatuto-de-aladaa\/","url_meta":{"origin":1086,"position":5},"title":"Estatuto de Aladaa Central","author":"AladaaAr","date":"20\/03\/2018","format":false,"excerpt":"Cap\u00edtulo primero PERSONALIDAD Y FINES Art. 1\u00ba La Asociaci\u00f3n Latinoamericana de Estudios de Asia y \u00c1frica (ALADAA) es una asociaci\u00f3n civil que tiene como fines intercambiar experiencias acad\u00e9micas entre sus miembros, colaborar con los centros de estudios superiores en Am\u00e9rica Latina para la formaci\u00f3n de cuadros docentes y de investigadores,\u2026","rel":"","context":"Entrada similar ","block_context":{"text":"Entrada similar ","link":""},"img":{"alt_text":"","src":"","width":0,"height":0},"classes":[]}],"_links":{"self":[{"href":"https:\/\/aladaa.com.ar\/asiayafrica\/wp-json\/wp\/v2\/pages\/1086","targetHints":{"allow":["GET"]}}],"collection":[{"href":"https:\/\/aladaa.com.ar\/asiayafrica\/wp-json\/wp\/v2\/pages"}],"about":[{"href":"https:\/\/aladaa.com.ar\/asiayafrica\/wp-json\/wp\/v2\/types\/page"}],"author":[{"embeddable":true,"href":"https:\/\/aladaa.com.ar\/asiayafrica\/wp-json\/wp\/v2\/users\/1"}],"replies":[{"embeddable":true,"href":"https:\/\/aladaa.com.ar\/asiayafrica\/wp-json\/wp\/v2\/comments?post=1086"}],"version-history":[{"count":2,"href":"https:\/\/aladaa.com.ar\/asiayafrica\/wp-json\/wp\/v2\/pages\/1086\/revisions"}],"predecessor-version":[{"id":1175,"href":"https:\/\/aladaa.com.ar\/asiayafrica\/wp-json\/wp\/v2\/pages\/1086\/revisions\/1175"}],"wp:attachment":[{"href":"https:\/\/aladaa.com.ar\/asiayafrica\/wp-json\/wp\/v2\/media?parent=1086"}],"curies":[{"name":"wp","href":"https:\/\/api.w.org\/{rel}","templated":true}]}}