{"id":1080,"date":"2018-03-20T15:08:51","date_gmt":"2018-03-20T18:08:51","guid":{"rendered":"http:\/\/aladaa.com.ar\/asiayafrica\/?page_id=1080"},"modified":"2018-04-26T13:00:57","modified_gmt":"2018-04-26T16:00:57","slug":"institucional","status":"publish","type":"page","link":"https:\/\/aladaa.com.ar\/asiayafrica\/institucional\/","title":{"rendered":"Institucional"},"content":{"rendered":"<p>La Asociaci\u00f3n Latinoamericana de Estudios de Asia y \u00c1frica (ALADAA) fue creada en 1976, al celebrarse el XXX Congreso Internacional de Ciencias Humanas de Asia y \u00c1frica del Norte, que tuvo sede en el Centro de Estudios de Asia y \u00c1frica (CEAA) de El Colegio de M\u00e9xico.Su Sede Argentina, sigue los objetivos por ella planteados:<\/p>\n<ul>\n<li>Intercambiar experiencias acad\u00e9micas entre sus miembros.<\/li>\n<li>Colaborar con los centros de estudios superiores en Am\u00e9rica Latina para la formaci\u00f3n de cuadros docentes y de investigadores.<\/li>\n<li>Intercambiar informaci\u00f3n.<\/li>\n<li>Difundir los estudios sobre Asia y \u00c1frica antiguos y modernos y en general todo aquello que contribuya al conocimiento de Asia y \u00c1frica en Am\u00e9rica Latina.<\/li>\n<\/ul>\n<p>As\u00ed, la Asociaci\u00f3n re\u00fane graduados, estudiantes, docentes, investigadores e interesados en las tem\u00e1ticas abordadas.<\/p>\n<p>A todos, damos la bienvenida a nuestro sitio web, quedando a su disposici\u00f3n para contestar sus consultas, sugerencias, dudas, etc., dirigi\u00e9ndose a las direcciones de correo se\u00f1aladas.<\/p>\n<p><a href=\"http:\/\/www.aladaa.com.ar\/estatuto_aladaa_argentina.pdf\">Estatuto de Aladaa Argentina<\/a><\/p>\n<p><a href=\"http:\/\/www.aladaa.com.ar\/pj_aladaa_ar.pdf\">Personer\u00eda Jur\u00eddica de Aladaa Argentina<\/a><\/p>\n<p><strong>Congresos Internacionales<\/strong><\/p>\n<p>Hasta el momento, se han llevado a cabo los siguientes congresos internacionales:<\/p>\n<p>l. 1978. Ciudad de M\u00e9xico, M\u00e9xico<\/p>\n<p>II. 1981. Paipa, Colombia<\/p>\n<p>III. 1983. R\u00edo de Janeiro, Brasil<\/p>\n<p>IV. 1985. Caracas, Venezuela<\/p>\n<p>V. 1987. Buenos Aires, Argentina<\/p>\n<p>VI. 1989. La Habana, Cuba<\/p>\n<p>VII. 1992. Acapulco, M\u00e9xico<\/p>\n<p>VIII. 1995. Vi\u00f1a del Mar, Chile.<\/p>\n<p>IX. 1997. Cartagena, Colombia<\/p>\n<p>X. 2000. R\u00edo de Janeiro, Brasil<\/p>\n<p>XI. 2003. M\u00e9xico D.F., M\u00e9xico<\/p>\n<p>XII. 2007. Puebla, M\u00e9xico<\/p>\n<p>Xlll. 2010. Bogot\u00e1, Colombia<\/p>\n<p>XIV. 2013. La Plata, Argentina<\/p>\n<p>XV. 2016, Santiago, Chile<\/p>\n<p>ALADAA, Secci\u00f3n Argentina, reorganizada en 2003, viene organizando congresos nacionales cada dos a\u00f1os, a partir del 2004. Cuenta con la participaci\u00f3n de los principales centros de estudios en temas de Asia y \u00c1frica y universidades de la Rep\u00fablica Argentina y contin\u00faa en una tarea permanente de impulsar los estudios sobre Asia y \u00c1frica en el pais.<\/p>\n<p>Lista de distribuci\u00f3n de noticias de la Asociaci\u00f3n Latinoamericana de Estudios de Asia y Africa. Puede suscribirse completando el formulario al pie de esta p\u00e1gina.<\/p>\n","protected":false},"excerpt":{"rendered":"<p>La Asociaci\u00f3n Latinoamericana de Estudios de Asia y \u00c1frica (ALADAA) fue creada en 1976, al celebrarse el XXX Congreso Internacional de Ciencias Humanas de Asia y \u00c1frica del Norte, que tuvo sede en el Centro de Estudios de Asia y \u00c1frica (CEAA) de El Colegio&hellip; <br \/><a class=\"more-link\" href=\"https:\/\/aladaa.com.ar\/asiayafrica\/institucional\/\">Continue reading <span class=\"screen-reader-text\">Institucional<\/span><\/a><\/p>\n","protected":false},"author":1,"featured_media":0,"parent":0,"menu_order":0,"comment_status":"closed","ping_status":"closed","template":"","meta":{"footnotes":""},"class_list":["post-1080","page","type-page","status-publish","hentry"],"jetpack_sharing_enabled":true,"jetpack_shortlink":"https:\/\/wp.me\/P9LsG3-hq","jetpack_likes_enabled":true,"jetpack-related-posts":[{"id":1097,"url":"https:\/\/aladaa.com.ar\/asiayafrica\/institucional\/estatuto-de-aladaa\/","url_meta":{"origin":1080,"position":0},"title":"Estatuto de Aladaa Central","author":"AladaaAr","date":"20\/03\/2018","format":false,"excerpt":"Cap\u00edtulo primero PERSONALIDAD Y FINES Art. 1\u00ba La Asociaci\u00f3n Latinoamericana de Estudios de Asia y \u00c1frica (ALADAA) es una asociaci\u00f3n civil que tiene como fines intercambiar experiencias acad\u00e9micas entre sus miembros, colaborar con los centros de estudios superiores en Am\u00e9rica Latina para la formaci\u00f3n de cuadros docentes y de investigadores,\u2026","rel":"","context":"Entrada similar ","block_context":{"text":"Entrada similar ","link":""},"img":{"alt_text":"","src":"","width":0,"height":0},"classes":[]},{"id":1090,"url":"https:\/\/aladaa.com.ar\/asiayafrica\/enlaces\/","url_meta":{"origin":1080,"position":1},"title":"Enlaces","author":"AladaaAr","date":"20\/03\/2018","format":false,"excerpt":"Argentina ----------------------------------------- Fundaci\u00f3n Instituto de Estudios Budistas Correo de Contacto: aladaa2010@gmail.com ----------------------------------------- C\u00e1tedra de Estudios Indo-orientales C\u00e1tedra de Medicina Ayurveda Universidad Abierta Iberoamericana Sitio web: http:\/\/www.uai.edu.ar\/ ----------------------------------------- Instituto de Investigaciones Gino Germani, Facultad de Ciencias Sociales, Universidad de Buenos Aires Grupo de Estudios del Este Asi\u00e1tico (GEEA) http:\/\/www.iigg.fsoc.uba.ar\/sitiosdegrupos\/geea\/ Correo de\u2026","rel":"","context":"Entrada similar ","block_context":{"text":"Entrada similar ","link":""},"img":{"alt_text":"","src":"","width":0,"height":0},"classes":[]},{"id":1086,"url":"https:\/\/aladaa.com.ar\/asiayafrica\/publicaciones\/","url_meta":{"origin":1080,"position":2},"title":"Boletines","author":"AladaaAr","date":"20\/03\/2018","format":false,"excerpt":"Boletines de ALADAA Argentina Las relaciones de Corea del Sur y Jap\u00f3n en el contexto internacional Rodolfo Molina, Septiembre 2012 El impacto del terrorismo y otras formas de violencia en el turismo internacional del Siglo XXI. El caso de Argentina Norberto M\u00e9ndez, Julio 2012 Les personnages f\u00e9minins de Sembene Oussmane\u2026","rel":"","context":"Entrada similar ","block_context":{"text":"Entrada similar ","link":""},"img":{"alt_text":"","src":"","width":0,"height":0},"classes":[]},{"id":1156,"url":"https:\/\/aladaa.com.ar\/asiayafrica\/charlas-en-vivo\/","url_meta":{"origin":1080,"position":3},"title":"Charlas En Vivo","author":"AladaaAr","date":"22\/03\/2018","format":false,"excerpt":"Ciclo de Charlas Gratuitas Online, de ALADAA, Secci\u00f3n Argentina. Para participar de las charlas es necesario inscribirse v\u00eda congresoaladaa2017@gmail.com\u00a0[dos d\u00edas antes de la charla, se enviar\u00e1 a los inscriptos el link para acceder a a la misma]. Charlas anteriores\u00a0 \u00a0 El cogobierno de las regiones perif\u00e9ricas en la expansi\u00f3n de\u2026","rel":"","context":"Entrada similar ","block_context":{"text":"Entrada similar ","link":""},"img":{"alt_text":"","src":"https:\/\/i0.wp.com\/aladaa.com.ar\/asiayafrica\/wp-content\/uploads\/2018\/02\/ALADAA-on-line.jpg?fit=848%2C452&ssl=1&resize=350%2C200","width":350,"height":200,"srcset":"https:\/\/i0.wp.com\/aladaa.com.ar\/asiayafrica\/wp-content\/uploads\/2018\/02\/ALADAA-on-line.jpg?fit=848%2C452&ssl=1&resize=350%2C200 1x, https:\/\/i0.wp.com\/aladaa.com.ar\/asiayafrica\/wp-content\/uploads\/2018\/02\/ALADAA-on-line.jpg?fit=848%2C452&ssl=1&resize=525%2C300 1.5x, https:\/\/i0.wp.com\/aladaa.com.ar\/asiayafrica\/wp-content\/uploads\/2018\/02\/ALADAA-on-line.jpg?fit=848%2C452&ssl=1&resize=700%2C400 2x"},"classes":[]},{"id":1983,"url":"https:\/\/aladaa.com.ar\/asiayafrica\/los-estudios-africanos-y-asiaticos-en-2022-actas-del-x-congreso-nacional-aladaa-argentina\/","url_meta":{"origin":1080,"position":4},"title":"LOS ESTUDIOS AFRICANOS Y ASI\u00c1TICOS EN 2022 \u2013 Actas del X Congreso Nacional ALADAA Argentina","author":"Coordinaci\u00f3n Aladaa","date":"13\/07\/2023","format":false,"excerpt":"VER LIBRO","rel":"","context":"Entrada similar ","block_context":{"text":"Entrada similar ","link":""},"img":{"alt_text":"","src":"https:\/\/i0.wp.com\/aladaa.com.ar\/asiayafrica\/wp-content\/uploads\/2023\/07\/presentacion-libro-02.png?resize=350%2C200&ssl=1","width":350,"height":200,"srcset":"https:\/\/i0.wp.com\/aladaa.com.ar\/asiayafrica\/wp-content\/uploads\/2023\/07\/presentacion-libro-02.png?resize=350%2C200&ssl=1 1x, https:\/\/i0.wp.com\/aladaa.com.ar\/asiayafrica\/wp-content\/uploads\/2023\/07\/presentacion-libro-02.png?resize=525%2C300&ssl=1 1.5x"},"classes":[]},{"id":1088,"url":"https:\/\/aladaa.com.ar\/asiayafrica\/coleccion-aladaa\/","url_meta":{"origin":1080,"position":5},"title":"Colecci\u00f3n ALADAA","author":"AladaaAr","date":"20\/03\/2018","format":false,"excerpt":"La presente colecci\u00f3n es la Colecci\u00f3n Cient\u00edfica de la Secci\u00f3n Argentina de ALADAA, que incluye la publicaci\u00f3n de Actas de eventos acad\u00e9micos (congresos, jornadas, etc.) desarrollados en el marco de ALADAA y otros textos producidos en su \u00e1mbito. Su ISSN es: 2346-8602 y se inici\u00f3 en 2013. Las Directoras de\u2026","rel":"","context":"Entrada similar ","block_context":{"text":"Entrada similar ","link":""},"img":{"alt_text":"","src":"","width":0,"height":0},"classes":[]}],"_links":{"self":[{"href":"https:\/\/aladaa.com.ar\/asiayafrica\/wp-json\/wp\/v2\/pages\/1080","targetHints":{"allow":["GET"]}}],"collection":[{"href":"https:\/\/aladaa.com.ar\/asiayafrica\/wp-json\/wp\/v2\/pages"}],"about":[{"href":"https:\/\/aladaa.com.ar\/asiayafrica\/wp-json\/wp\/v2\/types\/page"}],"author":[{"embeddable":true,"href":"https:\/\/aladaa.com.ar\/asiayafrica\/wp-json\/wp\/v2\/users\/1"}],"replies":[{"embeddable":true,"href":"https:\/\/aladaa.com.ar\/asiayafrica\/wp-json\/wp\/v2\/comments?post=1080"}],"version-history":[{"count":6,"href":"https:\/\/aladaa.com.ar\/asiayafrica\/wp-json\/wp\/v2\/pages\/1080\/revisions"}],"predecessor-version":[{"id":1339,"href":"https:\/\/aladaa.com.ar\/asiayafrica\/wp-json\/wp\/v2\/pages\/1080\/revisions\/1339"}],"wp:attachment":[{"href":"https:\/\/aladaa.com.ar\/asiayafrica\/wp-json\/wp\/v2\/media?parent=1080"}],"curies":[{"name":"wp","href":"https:\/\/api.w.org\/{rel}","templated":true}]}}