{"id":1983,"date":"2023-07-13T23:07:48","date_gmt":"2023-07-14T02:07:48","guid":{"rendered":"https:\/\/aladaa.com.ar\/asiayafrica\/?page_id=1983"},"modified":"2024-05-16T14:13:52","modified_gmt":"2024-05-16T17:13:52","slug":"los-estudios-africanos-y-asiaticos-en-2022-actas-del-x-congreso-nacional-aladaa-argentina","status":"publish","type":"page","link":"http:\/\/aladaa.com.ar\/asiayafrica\/los-estudios-africanos-y-asiaticos-en-2022-actas-del-x-congreso-nacional-aladaa-argentina\/","title":{"rendered":"LOS ESTUDIOS AFRICANOS Y ASI\u00c1TICOS EN 2022 \u2013 Actas del X Congreso Nacional ALADAA Argentina"},"content":{"rendered":"<div class=\"wp-block-image\">\n<figure class=\"aligncenter size-full is-resized\"><img data-recalc-dims=\"1\" loading=\"lazy\" decoding=\"async\" data-attachment-id=\"1968\" data-permalink=\"http:\/\/aladaa.com.ar\/asiayafrica\/presentacion-libro-02\/\" data-orig-file=\"https:\/\/i0.wp.com\/aladaa.com.ar\/asiayafrica\/wp-content\/uploads\/2023\/07\/presentacion-libro-02.png?fit=670%2C501&amp;ssl=1\" data-orig-size=\"670,501\" data-comments-opened=\"0\" data-image-meta=\"{&quot;aperture&quot;:&quot;0&quot;,&quot;credit&quot;:&quot;&quot;,&quot;camera&quot;:&quot;&quot;,&quot;caption&quot;:&quot;&quot;,&quot;created_timestamp&quot;:&quot;0&quot;,&quot;copyright&quot;:&quot;&quot;,&quot;focal_length&quot;:&quot;0&quot;,&quot;iso&quot;:&quot;0&quot;,&quot;shutter_speed&quot;:&quot;0&quot;,&quot;title&quot;:&quot;&quot;,&quot;orientation&quot;:&quot;0&quot;}\" data-image-title=\"presentacion-libro-02\" data-image-description=\"\" data-image-caption=\"\" data-large-file=\"https:\/\/i0.wp.com\/aladaa.com.ar\/asiayafrica\/wp-content\/uploads\/2023\/07\/presentacion-libro-02.png?fit=670%2C501&amp;ssl=1\" src=\"https:\/\/i0.wp.com\/aladaa.com.ar\/asiayafrica\/wp-content\/uploads\/2023\/07\/presentacion-libro-02.png?resize=480%2C359&#038;ssl=1\" alt=\"\" class=\"wp-image-1968\" width=\"480\" height=\"359\" srcset=\"https:\/\/i0.wp.com\/aladaa.com.ar\/asiayafrica\/wp-content\/uploads\/2023\/07\/presentacion-libro-02.png?w=670&amp;ssl=1 670w, https:\/\/i0.wp.com\/aladaa.com.ar\/asiayafrica\/wp-content\/uploads\/2023\/07\/presentacion-libro-02.png?resize=300%2C224&amp;ssl=1 300w\" sizes=\"auto, (max-width: 480px) 100vw, 480px\" \/><\/figure><\/div>\n\n\n<div class=\"wp-block-buttons is-content-justification-center is-layout-flex wp-container-core-buttons-is-layout-16018d1d wp-block-buttons-is-layout-flex\">\n<div class=\"wp-block-button is-style-fill\"><a class=\"wp-block-button__link has-white-color has-text-color has-background wp-element-button\" href=\"\" style=\"border-radius:23px;background-color:#0061a2\" target=\"_blank\" rel=\"noreferrer noopener\">VER LIBRO<\/a><\/div>\n<\/div>\n","protected":false},"excerpt":{"rendered":"","protected":false},"author":2,"featured_media":0,"parent":0,"menu_order":0,"comment_status":"closed","ping_status":"closed","template":"","meta":{"footnotes":""},"class_list":["post-1983","page","type-page","status-publish","hentry"],"jetpack_sharing_enabled":true,"jetpack_shortlink":"https:\/\/wp.me\/P9LsG3-vZ","jetpack_likes_enabled":true,"jetpack-related-posts":[{"id":1088,"url":"http:\/\/aladaa.com.ar\/asiayafrica\/coleccion-aladaa\/","url_meta":{"origin":1983,"position":0},"title":"Colecci\u00f3n ALADAA","author":"AladaaAr","date":"20\/03\/2018","format":false,"excerpt":"La presente colecci\u00f3n es la Colecci\u00f3n Cient\u00edfica de la Secci\u00f3n Argentina de ALADAA, que incluye la publicaci\u00f3n de Actas de eventos acad\u00e9micos (congresos, jornadas, etc.) desarrollados en el marco de ALADAA y otros textos producidos en su \u00e1mbito. Su ISSN es: 2346-8602 y se inici\u00f3 en 2013. Las Directoras de\u2026","rel":"","context":"Entrada similar ","block_context":{"text":"Entrada similar ","link":""},"img":{"alt_text":"","src":"","width":0,"height":0},"classes":[]},{"id":1090,"url":"http:\/\/aladaa.com.ar\/asiayafrica\/enlaces\/","url_meta":{"origin":1983,"position":1},"title":"Enlaces","author":"AladaaAr","date":"20\/03\/2018","format":false,"excerpt":"Argentina ----------------------------------------- Fundaci\u00f3n Instituto de Estudios Budistas Correo de Contacto: aladaa2010@gmail.com ----------------------------------------- C\u00e1tedra de Estudios Indo-orientales C\u00e1tedra de Medicina Ayurveda Universidad Abierta Iberoamericana Sitio web: http:\/\/www.uai.edu.ar\/ ----------------------------------------- Instituto de Investigaciones Gino Germani, Facultad de Ciencias Sociales, Universidad de Buenos Aires Grupo de Estudios del Este Asi\u00e1tico (GEEA) http:\/\/www.iigg.fsoc.uba.ar\/sitiosdegrupos\/geea\/ Correo de\u2026","rel":"","context":"Entrada similar ","block_context":{"text":"Entrada similar ","link":""},"img":{"alt_text":"","src":"","width":0,"height":0},"classes":[]},{"id":1080,"url":"http:\/\/aladaa.com.ar\/asiayafrica\/institucional\/","url_meta":{"origin":1983,"position":2},"title":"Institucional","author":"AladaaAr","date":"20\/03\/2018","format":false,"excerpt":"La Asociaci\u00f3n Latinoamericana de Estudios de Asia y \u00c1frica (ALADAA) fue creada en 1976, al celebrarse el XXX Congreso Internacional de Ciencias Humanas de Asia y \u00c1frica del Norte, que tuvo sede en el Centro de Estudios de Asia y \u00c1frica (CEAA) de El Colegio de M\u00e9xico.Su Sede Argentina, sigue\u2026","rel":"","context":"Entrada similar ","block_context":{"text":"Entrada similar ","link":""},"img":{"alt_text":"","src":"","width":0,"height":0},"classes":[]},{"id":1086,"url":"http:\/\/aladaa.com.ar\/asiayafrica\/publicaciones\/","url_meta":{"origin":1983,"position":3},"title":"Boletines","author":"AladaaAr","date":"20\/03\/2018","format":false,"excerpt":"Boletines de ALADAA Argentina Las relaciones de Corea del Sur y Jap\u00f3n en el contexto internacional Rodolfo Molina, Septiembre 2012 El impacto del terrorismo y otras formas de violencia en el turismo internacional del Siglo XXI. El caso de Argentina Norberto M\u00e9ndez, Julio 2012 Les personnages f\u00e9minins de Sembene Oussmane\u2026","rel":"","context":"Entrada similar ","block_context":{"text":"Entrada similar ","link":""},"img":{"alt_text":"","src":"","width":0,"height":0},"classes":[]},{"id":1097,"url":"http:\/\/aladaa.com.ar\/asiayafrica\/institucional\/estatuto-de-aladaa\/","url_meta":{"origin":1983,"position":4},"title":"Estatuto de Aladaa Central","author":"AladaaAr","date":"20\/03\/2018","format":false,"excerpt":"Cap\u00edtulo primero PERSONALIDAD Y FINES Art. 1\u00ba La Asociaci\u00f3n Latinoamericana de Estudios de Asia y \u00c1frica (ALADAA) es una asociaci\u00f3n civil que tiene como fines intercambiar experiencias acad\u00e9micas entre sus miembros, colaborar con los centros de estudios superiores en Am\u00e9rica Latina para la formaci\u00f3n de cuadros docentes y de investigadores,\u2026","rel":"","context":"Entrada similar ","block_context":{"text":"Entrada similar ","link":""},"img":{"alt_text":"","src":"","width":0,"height":0},"classes":[]},{"id":1158,"url":"http:\/\/aladaa.com.ar\/asiayafrica\/congresos-nacionales\/","url_meta":{"origin":1983,"position":5},"title":"Congresos Nacionales","author":"AladaaAr","date":"22\/03\/2018","format":false,"excerpt":"Congreso Nacional de ALADAA, Secci\u00f3n Argentina, 2017 Programa y mesas Congreso Nacional de ALADAA, Secci\u00f3n Argentina, 2014 Programa y Mesas Congreso Nacional de ALADAA, Secci\u00f3n Argentina, 2012 Tercera Circular Congreso Nacional de ALADAA, Secci\u00f3n Argentina, 2010 Programa y Ponencias Congreso Nacional de ALADAA, Secci\u00f3n Argentina, 2008 Programa y ponencias Congreso\u2026","rel":"","context":"Entrada similar ","block_context":{"text":"Entrada similar ","link":""},"img":{"alt_text":"","src":"","width":0,"height":0},"classes":[]}],"_links":{"self":[{"href":"http:\/\/aladaa.com.ar\/asiayafrica\/wp-json\/wp\/v2\/pages\/1983","targetHints":{"allow":["GET"]}}],"collection":[{"href":"http:\/\/aladaa.com.ar\/asiayafrica\/wp-json\/wp\/v2\/pages"}],"about":[{"href":"http:\/\/aladaa.com.ar\/asiayafrica\/wp-json\/wp\/v2\/types\/page"}],"author":[{"embeddable":true,"href":"http:\/\/aladaa.com.ar\/asiayafrica\/wp-json\/wp\/v2\/users\/2"}],"replies":[{"embeddable":true,"href":"http:\/\/aladaa.com.ar\/asiayafrica\/wp-json\/wp\/v2\/comments?post=1983"}],"version-history":[{"count":2,"href":"http:\/\/aladaa.com.ar\/asiayafrica\/wp-json\/wp\/v2\/pages\/1983\/revisions"}],"predecessor-version":[{"id":2008,"href":"http:\/\/aladaa.com.ar\/asiayafrica\/wp-json\/wp\/v2\/pages\/1983\/revisions\/2008"}],"wp:attachment":[{"href":"http:\/\/aladaa.com.ar\/asiayafrica\/wp-json\/wp\/v2\/media?parent=1983"}],"curies":[{"name":"wp","href":"https:\/\/api.w.org\/{rel}","templated":true}]}}