{"id":1158,"date":"2018-03-22T10:37:37","date_gmt":"2018-03-22T13:37:37","guid":{"rendered":"http:\/\/aladaa.com.ar\/asiayafrica\/?page_id=1158"},"modified":"2018-03-22T13:54:09","modified_gmt":"2018-03-22T16:54:09","slug":"congresos-nacionales","status":"publish","type":"page","link":"http:\/\/aladaa.com.ar\/asiayafrica\/congresos-nacionales\/","title":{"rendered":"Congresos Nacionales"},"content":{"rendered":"<ul>\n<li>Congreso Nacional de ALADAA, Secci\u00f3n Argentina, 2017 <a href=\"http:\/\/aladaa.com.ar\/asiayafrica\/wp-content\/uploads\/2018\/03\/PROGRAMA_Mesas_ALADAAar2017.pdf\">Programa y mesas<\/a><\/li>\n<li>Congreso Nacional de ALADAA, Secci\u00f3n Argentina, 2014 <a href=\"http:\/\/aladaa.com.ar\/asiayafrica\/wp-content\/uploads\/2018\/03\/FINAL-Programa-Aladaa-2014.pdf\">Programa<\/a> y <a href=\"http:\/\/aladaa.com.ar\/asiayafrica\/wp-content\/uploads\/2018\/03\/FINAL-Mesas-Aladaa2014-Def.pdf\">Mesas<\/a><\/li>\n<li>Congreso Nacional de ALADAA, Secci\u00f3n Argentina, 2012 <a href=\"http:\/\/www.aladaa.com.ar\/congreso_2012.php\">Tercera Circular<\/a><\/li>\n<li>Congreso Nacional de ALADAA, Secci\u00f3n Argentina, 2010 <a title=\"ALADAA-AR Meeting 2010 - Program\" href=\"http:\/\/www.aladaa.com.ar\/2010\/programa_aladaa_2010.pdf\">Programa<\/a> y <a title=\"ALADAA-AR Meeting 2010 - Proceedings\" href=\"http:\/\/www.aladaa.com.ar\/2010\/Aladaa_2010.pdf\">Ponencias<\/a><\/li>\n<li>Congreso Nacional de ALADAA, Secci\u00f3n Argentina, 2008 <a title=\"ALADAA-AR Meeting 2008\" href=\"http:\/\/www.aladaa.com.ar\/2008\/index.htm\">Programa y ponencias<\/a><\/li>\n<li>Congreso Nacional de ALADAA, Secci\u00f3n Argentina, 2006 <a title=\"ALADAA-AR Meeting 2006\" href=\"http:\/\/www.aladaa.com.ar\/congreso_2006.php\">Programa<\/a><\/li>\n<li>Congreso Nacional de ALADAA, Secci\u00f3n Argentina, 2004 <a title=\"ALADAA-AR Meeting 2004\" href=\"http:\/\/www.transoxiana.org\/ALADAA_2004\/dct\/aladaa1.swf\">Programa y ponencias<\/a><\/li>\n<\/ul>\n","protected":false},"excerpt":{"rendered":"<p>Congreso Nacional de ALADAA, Secci\u00f3n Argentina, 2017 Programa y mesas Congreso Nacional de ALADAA, Secci\u00f3n Argentina, 2014 Programa y Mesas Congreso Nacional de ALADAA, Secci\u00f3n Argentina, 2012 Tercera Circular Congreso Nacional de ALADAA, Secci\u00f3n Argentina, 2010 Programa y Ponencias Congreso Nacional de ALADAA, Secci\u00f3n Argentina,&hellip; <br \/><a class=\"more-link\" href=\"http:\/\/aladaa.com.ar\/asiayafrica\/congresos-nacionales\/\">Continue reading <span class=\"screen-reader-text\">Congresos Nacionales<\/span><\/a><\/p>\n","protected":false},"author":1,"featured_media":0,"parent":0,"menu_order":0,"comment_status":"closed","ping_status":"closed","template":"sidebar-page.php","meta":{"footnotes":""},"class_list":["post-1158","page","type-page","status-publish","hentry"],"jetpack_sharing_enabled":true,"jetpack_shortlink":"https:\/\/wp.me\/P9LsG3-iG","jetpack_likes_enabled":true,"jetpack-related-posts":[{"id":1088,"url":"http:\/\/aladaa.com.ar\/asiayafrica\/coleccion-aladaa\/","url_meta":{"origin":1158,"position":0},"title":"Colecci\u00f3n ALADAA","author":"AladaaAr","date":"20\/03\/2018","format":false,"excerpt":"La presente colecci\u00f3n es la Colecci\u00f3n Cient\u00edfica de la Secci\u00f3n Argentina de ALADAA, que incluye la publicaci\u00f3n de Actas de eventos acad\u00e9micos (congresos, jornadas, etc.) desarrollados en el marco de ALADAA y otros textos producidos en su \u00e1mbito. Su ISSN es: 2346-8602 y se inici\u00f3 en 2013. Las Directoras de\u2026","rel":"","context":"Entrada similar ","block_context":{"text":"Entrada similar ","link":""},"img":{"alt_text":"","src":"","width":0,"height":0},"classes":[]},{"id":1983,"url":"http:\/\/aladaa.com.ar\/asiayafrica\/los-estudios-africanos-y-asiaticos-en-2022-actas-del-x-congreso-nacional-aladaa-argentina\/","url_meta":{"origin":1158,"position":1},"title":"LOS ESTUDIOS AFRICANOS Y ASI\u00c1TICOS EN 2022 \u2013 Actas del X Congreso Nacional ALADAA Argentina","author":"Coordinaci\u00f3n Aladaa","date":"13\/07\/2023","format":false,"excerpt":"VER LIBRO","rel":"","context":"Entrada similar ","block_context":{"text":"Entrada similar ","link":""},"img":{"alt_text":"","src":"https:\/\/i0.wp.com\/aladaa.com.ar\/asiayafrica\/wp-content\/uploads\/2023\/07\/presentacion-libro-02.png?resize=350%2C200&ssl=1","width":350,"height":200,"srcset":"https:\/\/i0.wp.com\/aladaa.com.ar\/asiayafrica\/wp-content\/uploads\/2023\/07\/presentacion-libro-02.png?resize=350%2C200&ssl=1 1x, https:\/\/i0.wp.com\/aladaa.com.ar\/asiayafrica\/wp-content\/uploads\/2023\/07\/presentacion-libro-02.png?resize=525%2C300&ssl=1 1.5x"},"classes":[]},{"id":1080,"url":"http:\/\/aladaa.com.ar\/asiayafrica\/institucional\/","url_meta":{"origin":1158,"position":2},"title":"Institucional","author":"AladaaAr","date":"20\/03\/2018","format":false,"excerpt":"La Asociaci\u00f3n Latinoamericana de Estudios de Asia y \u00c1frica (ALADAA) fue creada en 1976, al celebrarse el XXX Congreso Internacional de Ciencias Humanas de Asia y \u00c1frica del Norte, que tuvo sede en el Centro de Estudios de Asia y \u00c1frica (CEAA) de El Colegio de M\u00e9xico.Su Sede Argentina, sigue\u2026","rel":"","context":"Entrada similar ","block_context":{"text":"Entrada similar ","link":""},"img":{"alt_text":"","src":"","width":0,"height":0},"classes":[]},{"id":1154,"url":"http:\/\/aladaa.com.ar\/asiayafrica\/documentacion-legal\/","url_meta":{"origin":1158,"position":3},"title":"Documentaci\u00f3n Legal","author":"AladaaAr","date":"22\/03\/2018","format":false,"excerpt":"Estatuto de ALADAA Secci\u00f3n Argentina (PDF) Personer\u00eda Jur\u00eddica de ALADAA Argentina (PDF) http:\/\/aladaa.com.ar\/asiayafrica\/?page_id=1097","rel":"","context":"Entrada similar ","block_context":{"text":"Entrada similar ","link":""},"img":{"alt_text":"","src":"","width":0,"height":0},"classes":[]},{"id":1159,"url":"http:\/\/aladaa.com.ar\/asiayafrica\/congresos-internacionales\/","url_meta":{"origin":1158,"position":4},"title":"Congresos Internacionales","author":"AladaaAr","date":"22\/03\/2018","format":false,"excerpt":"XVI Congreso Internacional de ALADAA, Per\u00fa - 1 al 4 de agosto de 2018 (Sitio externo) XV Congreso Internacional de ALADAA, Chile - 11 al 14 de enero de 2016 (Sitio externo) XIV Congreso Internacional de ALADAA. Argentina\u00a0 - 13-17 de agosto, 2013 (PDF)","rel":"","context":"Entrada similar ","block_context":{"text":"Entrada similar ","link":""},"img":{"alt_text":"","src":"","width":0,"height":0},"classes":[]},{"id":1097,"url":"http:\/\/aladaa.com.ar\/asiayafrica\/institucional\/estatuto-de-aladaa\/","url_meta":{"origin":1158,"position":5},"title":"Estatuto de Aladaa Central","author":"AladaaAr","date":"20\/03\/2018","format":false,"excerpt":"Cap\u00edtulo primero PERSONALIDAD Y FINES Art. 1\u00ba La Asociaci\u00f3n Latinoamericana de Estudios de Asia y \u00c1frica (ALADAA) es una asociaci\u00f3n civil que tiene como fines intercambiar experiencias acad\u00e9micas entre sus miembros, colaborar con los centros de estudios superiores en Am\u00e9rica Latina para la formaci\u00f3n de cuadros docentes y de investigadores,\u2026","rel":"","context":"Entrada similar ","block_context":{"text":"Entrada similar ","link":""},"img":{"alt_text":"","src":"","width":0,"height":0},"classes":[]}],"_links":{"self":[{"href":"http:\/\/aladaa.com.ar\/asiayafrica\/wp-json\/wp\/v2\/pages\/1158","targetHints":{"allow":["GET"]}}],"collection":[{"href":"http:\/\/aladaa.com.ar\/asiayafrica\/wp-json\/wp\/v2\/pages"}],"about":[{"href":"http:\/\/aladaa.com.ar\/asiayafrica\/wp-json\/wp\/v2\/types\/page"}],"author":[{"embeddable":true,"href":"http:\/\/aladaa.com.ar\/asiayafrica\/wp-json\/wp\/v2\/users\/1"}],"replies":[{"embeddable":true,"href":"http:\/\/aladaa.com.ar\/asiayafrica\/wp-json\/wp\/v2\/comments?post=1158"}],"version-history":[{"count":3,"href":"http:\/\/aladaa.com.ar\/asiayafrica\/wp-json\/wp\/v2\/pages\/1158\/revisions"}],"predecessor-version":[{"id":1185,"href":"http:\/\/aladaa.com.ar\/asiayafrica\/wp-json\/wp\/v2\/pages\/1158\/revisions\/1185"}],"wp:attachment":[{"href":"http:\/\/aladaa.com.ar\/asiayafrica\/wp-json\/wp\/v2\/media?parent=1158"}],"curies":[{"name":"wp","href":"https:\/\/api.w.org\/{rel}","templated":true}]}}