{"id":1156,"date":"2018-03-22T10:37:37","date_gmt":"2018-03-22T13:37:37","guid":{"rendered":"http:\/\/aladaa.com.ar\/asiayafrica\/?page_id=1156"},"modified":"2019-08-31T14:55:04","modified_gmt":"2019-08-31T17:55:04","slug":"charlas-en-vivo","status":"publish","type":"page","link":"http:\/\/aladaa.com.ar\/asiayafrica\/charlas-en-vivo\/","title":{"rendered":"Charlas En Vivo"},"content":{"rendered":"<h2>Ciclo de Charlas Gratuitas Online, de ALADAA, Secci\u00f3n Argentina.<\/h2>\n<p align=\"center\"><b>Para participar de las charlas es necesario inscribirse<\/b> v\u00eda <a href=\"mailto:congresoaladaa2017@gmail.com\">congresoaladaa2017@gmail.com<\/a>\u00a0<u>[<\/u>dos d\u00edas antes de la charla, se enviar\u00e1 a los inscriptos el link para acceder a a la misma].<\/p>\n\n<h2 align=\"center\">Charlas anteriores<b>\u00a0<\/b><\/h2>\n\n\n<strong><\/strong>\n<p class=\"m_6761164656715806629ydpb818d19cyiv6429274277ydpd7c1e6e2MsoNormal\" align=\"center\"><b>\u00a0<\/b><\/p>\n<p class=\"m_6761164656715806629ydpb818d19cyiv6429274277ydpd7c1e6e2MsoNormal\" style=\"text-align: left;\" align=\"center\"><b>El cogobierno de las regiones perif\u00e9ricas en la expansi\u00f3n de la dinast\u00eda Han (s. II a.n.e.-II eC). <\/b><b>Dr. Ignacio <span class=\"il\">Villagr\u00e1n<\/span> (CEACh-FSOC; IIGG; ICI-UNGS &#8211; con el auspicio de <span class=\"il\">ALADAA<\/span> Internacional. <\/b>(27 de mayo de 2019)<b><\/b><\/p>\n<span class=\"embed-youtube\" style=\"text-align:center; display: block;\"><iframe loading=\"lazy\" class=\"youtube-player\" width=\"720\" height=\"405\" src=\"https:\/\/www.youtube.com\/embed\/DH8UcskNM2E?version=3&#038;rel=1&#038;showsearch=0&#038;showinfo=1&#038;iv_load_policy=1&#038;fs=1&#038;hl=es-AR&#038;autohide=2&#038;wmode=transparent\" allowfullscreen=\"true\" style=\"border:0;\" sandbox=\"allow-scripts allow-same-origin allow-popups allow-presentation allow-popups-to-escape-sandbox\"><\/iframe><\/span>\n\n<strong>\u201c<span class=\"il\">Sud<\/span>\u00e1frica post apartheid: claves para comprender la historia reciente de <span class=\"il\">Sud<\/span>\u00e1frica y sus din\u00e1micas actuales\u201d a cargo de la Dra. M\u00f3nica Cejas (UAM, Xochimilco). <\/strong>(23 de febrero de 2019). Disponible en <a href=\"https:\/\/youtu.be\/b88TrFyHpfU\">https:\/\/youtu.be\/b88TrFyHpfU<\/a>\n\n<span class=\"embed-youtube\" style=\"text-align:center; display: block;\"><iframe loading=\"lazy\" class=\"youtube-player\" width=\"720\" height=\"405\" src=\"https:\/\/www.youtube.com\/embed\/b88TrFyHpfU?version=3&#038;rel=1&#038;showsearch=0&#038;showinfo=1&#038;iv_load_policy=1&#038;fs=1&#038;hl=es-AR&#038;autohide=2&#038;wmode=transparent\" allowfullscreen=\"true\" style=\"border:0;\" sandbox=\"allow-scripts allow-same-origin allow-popups allow-presentation allow-popups-to-escape-sandbox\"><\/iframe><\/span>\n\n\n<p class=\"m_1678486359720560178ydp58af53eaMsoNormal\" style=\"text-align: left;\" align=\"center\"><b>&#8220;Nelson Mandela, el largo camino de la libertad<\/b><b>&#8220;<\/b> a cargo de la <b>Mag. Marisa Pineau<\/b> (s\u00e1bado 28 de julio de 2018). Disponible en <a href=\"https:\/\/youtu.be\/yOS4arCHPXw\">https:\/\/youtu.be\/yOS4arCHPXw<\/a><\/p>\n<span class=\"embed-youtube\" style=\"text-align:center; display: block;\"><iframe loading=\"lazy\" class=\"youtube-player\" width=\"720\" height=\"405\" src=\"https:\/\/www.youtube.com\/embed\/yOS4arCHPXw?version=3&#038;rel=1&#038;showsearch=0&#038;showinfo=1&#038;iv_load_policy=1&#038;fs=1&#038;hl=es-AR&#038;autohide=2&#038;wmode=transparent\" allowfullscreen=\"true\" style=\"border:0;\" sandbox=\"allow-scripts allow-same-origin allow-popups allow-presentation allow-popups-to-escape-sandbox\"><\/iframe><\/span>\n\n<b>&#8220;Asia desde Argentina, m\u00e1s all\u00e1 de los supuestos&#8221; <\/b>a cargo del <b>Mag. Rodolfo Molina<\/b> (s\u00e1bado 23 de junio de 2018). Disponible en <a href=\"https:\/\/youtu.be\/3opWtXjLc8Y\">https:\/\/youtu.be\/3opWtXjLc8Y<\/a>\n\n<span class=\"embed-youtube\" style=\"text-align:center; display: block;\"><iframe loading=\"lazy\" class=\"youtube-player\" width=\"720\" height=\"405\" src=\"https:\/\/www.youtube.com\/embed\/3opWtXjLc8Y?version=3&#038;rel=1&#038;showsearch=0&#038;showinfo=1&#038;iv_load_policy=1&#038;fs=1&#038;hl=es-AR&#038;autohide=2&#038;wmode=transparent\" allowfullscreen=\"true\" style=\"border:0;\" sandbox=\"allow-scripts allow-same-origin allow-popups allow-presentation allow-popups-to-escape-sandbox\"><\/iframe><\/span>\n\n&#8216;<b>La Reforma constitucional en China: \u00bf\u201cnueva era\u201d, \u201ctercera revoluci\u00f3n\u201d? Continuidades y discontinuidades del \u201csue\u00f1o chino\u201d&#8217;<\/b> a cargo de la <b>Dra. Mar\u00eda Cristina Reigadas (UBA) <\/b>(S\u00e1bado 2 de junio de 2018). Disponible en <a href=\"https:\/\/youtu.be\/F97j6rPtB38\">https:\/\/youtu.be\/F97j6rPtB38<\/a>\n\n<span class=\"embed-youtube\" style=\"text-align:center; display: block;\"><iframe loading=\"lazy\" class=\"youtube-player\" width=\"720\" height=\"405\" src=\"https:\/\/www.youtube.com\/embed\/F97j6rPtB38?version=3&#038;rel=1&#038;showsearch=0&#038;showinfo=1&#038;iv_load_policy=1&#038;fs=1&#038;hl=es-AR&#038;autohide=2&#038;wmode=transparent\" allowfullscreen=\"true\" style=\"border:0;\" sandbox=\"allow-scripts allow-same-origin allow-popups allow-presentation allow-popups-to-escape-sandbox\"><\/iframe><\/span>\n\n<strong>&#8220;La idea de la Historia en el confucianismo tard\u00edo: una revisi\u00f3n del pensamiento de Kang Youwei (1858-1927)&#8221;<\/strong>, a cargo del Dr. Gustavo Santill\u00e1n, UNC, Argentina (21 de abril de 2018). Disponible en <a href=\"https:\/\/youtu.be\/cTD0kI_9HWA\">https:\/\/youtu.be\/cTD0kI_9HWA<\/a>\n\n<span class=\"embed-youtube\" style=\"text-align:center; display: block;\"><iframe loading=\"lazy\" class=\"youtube-player\" width=\"720\" height=\"405\" src=\"https:\/\/www.youtube.com\/embed\/cTD0kI_9HWA?version=3&#038;rel=1&#038;showsearch=0&#038;showinfo=1&#038;iv_load_policy=1&#038;fs=1&#038;hl=es-AR&#038;autohide=2&#038;wmode=transparent\" allowfullscreen=\"true\" style=\"border:0;\" sandbox=\"allow-scripts allow-same-origin allow-popups allow-presentation allow-popups-to-escape-sandbox\"><\/iframe><\/span>\n<p class=\"m_9214446137757041813gmail-m_-6198657645345012819gmail-yiv6955400527ydp39f541e2yiv4579454285MsoNormal\" style=\"text-align: left;\" align=\"center\"><strong>\u201cSangre y Fuego: el Bar\u00f3n Ungern-Sternberg como la intersecci\u00f3n de pol\u00edtica, violencia y religi\u00f3n en Asia Central\u201d<\/strong>, a cargo del<strong>\u00a0Mag. Federico Andino.<\/strong> (31 de marzo, 2018). Disponible en <a href=\"https:\/\/www.youtube.com\/watch?v=uHYl6Knmmw0\">https:\/\/www.youtube.com\/watch?v=uHYl6Knmmw0<\/a><\/p>\n<span class=\"embed-youtube\" style=\"text-align:center; display: block;\"><iframe loading=\"lazy\" class=\"youtube-player\" width=\"720\" height=\"405\" src=\"https:\/\/www.youtube.com\/embed\/uHYl6Knmmw0?version=3&#038;rel=1&#038;showsearch=0&#038;showinfo=1&#038;iv_load_policy=1&#038;fs=1&#038;hl=es-AR&#038;autohide=2&#038;wmode=transparent\" allowfullscreen=\"true\" style=\"border:0;\" sandbox=\"allow-scripts allow-same-origin allow-popups allow-presentation allow-popups-to-escape-sandbox\"><\/iframe><\/span>\n\n<strong>\u201cArgentina y Filipinas: desde el &#8220;lago espa\u00f1ol&#8221; del siglo XVIII hasta inicios del siglo XIX del Asia-Pac\u00edfico\u201d<\/strong>, a cargo del <strong>Licenciado Ezequiel R. Ramoneda (USAL, UNLP)<\/strong> (24 de febrero,2018). Disponible en: <a href=\"https:\/\/www.youtube.com\/watch?v=BTlFe_ygzfo\">https:\/\/www.youtube.com\/watch?v=BTlFe_ygzfo<\/a>\n\n<span class=\"embed-youtube\" style=\"text-align:center; display: block;\"><iframe loading=\"lazy\" class=\"youtube-player\" width=\"720\" height=\"405\" src=\"https:\/\/www.youtube.com\/embed\/BTlFe_ygzfo?version=3&#038;rel=1&#038;showsearch=0&#038;showinfo=1&#038;iv_load_policy=1&#038;fs=1&#038;hl=es-AR&#038;autohide=2&#038;wmode=transparent\" allowfullscreen=\"true\" style=\"border:0;\" sandbox=\"allow-scripts allow-same-origin allow-popups allow-presentation allow-popups-to-escape-sandbox\"><\/iframe><\/span>\n\n<strong>\u00a0&#8220;El vector tiempo en la traducci\u00f3n de cultura. El caso del concepto \u201cdisciplina\u201d (Shitsuke\/\u8ebe\uff09en la cultura japonesa&#8221;<\/strong>, a cargo de la <strong>Dra. Mar\u00eda Cecilia Onaha (UNLP; USAL)<\/strong> (26 de enero, 2018). Disponible en: <a href=\"https:\/\/www.youtube.com\/watch?v=FABVQncvAvM\">https:\/\/www.youtube.com\/watch?v=FABVQncvAvM<\/a>\n\n<span class=\"embed-youtube\" style=\"text-align:center; display: block;\"><iframe loading=\"lazy\" class=\"youtube-player\" width=\"720\" height=\"405\" src=\"https:\/\/www.youtube.com\/embed\/FABVQncvAvM?version=3&#038;rel=1&#038;showsearch=0&#038;showinfo=1&#038;iv_load_policy=1&#038;fs=1&#038;hl=es-AR&#038;autohide=2&#038;wmode=transparent\" allowfullscreen=\"true\" style=\"border:0;\" sandbox=\"allow-scripts allow-same-origin allow-popups allow-presentation allow-popups-to-escape-sandbox\"><\/iframe><\/span>","protected":false},"excerpt":{"rendered":"<p>Ciclo de Charlas Gratuitas Online, de ALADAA, Secci\u00f3n Argentina. Para participar de las charlas es necesario inscribirse v\u00eda congresoaladaa2017@gmail.com\u00a0[dos d\u00edas antes de la charla, se enviar\u00e1 a los inscriptos el link para acceder a a la misma]. Charlas anteriores\u00a0 \u00a0 El cogobierno de las regiones&hellip; <br \/><a class=\"more-link\" href=\"http:\/\/aladaa.com.ar\/asiayafrica\/charlas-en-vivo\/\">Continue reading <span class=\"screen-reader-text\">Charlas En Vivo<\/span><\/a><\/p>\n","protected":false},"author":1,"featured_media":1332,"parent":0,"menu_order":0,"comment_status":"closed","ping_status":"closed","template":"","meta":{"footnotes":""},"class_list":["post-1156","page","type-page","status-publish","has-post-thumbnail","hentry"],"jetpack_sharing_enabled":true,"jetpack_shortlink":"https:\/\/wp.me\/P9LsG3-iE","jetpack_likes_enabled":true,"jetpack-related-posts":[{"id":1097,"url":"http:\/\/aladaa.com.ar\/asiayafrica\/institucional\/estatuto-de-aladaa\/","url_meta":{"origin":1156,"position":0},"title":"Estatuto de Aladaa Central","author":"AladaaAr","date":"20\/03\/2018","format":false,"excerpt":"Cap\u00edtulo primero PERSONALIDAD Y FINES Art. 1\u00ba La Asociaci\u00f3n Latinoamericana de Estudios de Asia y \u00c1frica (ALADAA) es una asociaci\u00f3n civil que tiene como fines intercambiar experiencias acad\u00e9micas entre sus miembros, colaborar con los centros de estudios superiores en Am\u00e9rica Latina para la formaci\u00f3n de cuadros docentes y de investigadores,\u2026","rel":"","context":"Entrada similar ","block_context":{"text":"Entrada similar ","link":""},"img":{"alt_text":"","src":"","width":0,"height":0},"classes":[]},{"id":1080,"url":"http:\/\/aladaa.com.ar\/asiayafrica\/institucional\/","url_meta":{"origin":1156,"position":1},"title":"Institucional","author":"AladaaAr","date":"20\/03\/2018","format":false,"excerpt":"La Asociaci\u00f3n Latinoamericana de Estudios de Asia y \u00c1frica (ALADAA) fue creada en 1976, al celebrarse el XXX Congreso Internacional de Ciencias Humanas de Asia y \u00c1frica del Norte, que tuvo sede en el Centro de Estudios de Asia y \u00c1frica (CEAA) de El Colegio de M\u00e9xico.Su Sede Argentina, sigue\u2026","rel":"","context":"Entrada similar ","block_context":{"text":"Entrada similar ","link":""},"img":{"alt_text":"","src":"","width":0,"height":0},"classes":[]},{"id":1086,"url":"http:\/\/aladaa.com.ar\/asiayafrica\/publicaciones\/","url_meta":{"origin":1156,"position":2},"title":"Boletines","author":"AladaaAr","date":"20\/03\/2018","format":false,"excerpt":"Boletines de ALADAA Argentina Las relaciones de Corea del Sur y Jap\u00f3n en el contexto internacional Rodolfo Molina, Septiembre 2012 El impacto del terrorismo y otras formas de violencia en el turismo internacional del Siglo XXI. El caso de Argentina Norberto M\u00e9ndez, Julio 2012 Les personnages f\u00e9minins de Sembene Oussmane\u2026","rel":"","context":"Entrada similar ","block_context":{"text":"Entrada similar ","link":""},"img":{"alt_text":"","src":"","width":0,"height":0},"classes":[]},{"id":1088,"url":"http:\/\/aladaa.com.ar\/asiayafrica\/coleccion-aladaa\/","url_meta":{"origin":1156,"position":3},"title":"Colecci\u00f3n ALADAA","author":"AladaaAr","date":"20\/03\/2018","format":false,"excerpt":"La presente colecci\u00f3n es la Colecci\u00f3n Cient\u00edfica de la Secci\u00f3n Argentina de ALADAA, que incluye la publicaci\u00f3n de Actas de eventos acad\u00e9micos (congresos, jornadas, etc.) desarrollados en el marco de ALADAA y otros textos producidos en su \u00e1mbito. Su ISSN es: 2346-8602 y se inici\u00f3 en 2013. Las Directoras de\u2026","rel":"","context":"Entrada similar ","block_context":{"text":"Entrada similar ","link":""},"img":{"alt_text":"","src":"","width":0,"height":0},"classes":[]},{"id":1158,"url":"http:\/\/aladaa.com.ar\/asiayafrica\/congresos-nacionales\/","url_meta":{"origin":1156,"position":4},"title":"Congresos Nacionales","author":"AladaaAr","date":"22\/03\/2018","format":false,"excerpt":"Congreso Nacional de ALADAA, Secci\u00f3n Argentina, 2017 Programa y mesas Congreso Nacional de ALADAA, Secci\u00f3n Argentina, 2014 Programa y Mesas Congreso Nacional de ALADAA, Secci\u00f3n Argentina, 2012 Tercera Circular Congreso Nacional de ALADAA, Secci\u00f3n Argentina, 2010 Programa y Ponencias Congreso Nacional de ALADAA, Secci\u00f3n Argentina, 2008 Programa y ponencias Congreso\u2026","rel":"","context":"Entrada similar ","block_context":{"text":"Entrada similar ","link":""},"img":{"alt_text":"","src":"","width":0,"height":0},"classes":[]},{"id":1090,"url":"http:\/\/aladaa.com.ar\/asiayafrica\/enlaces\/","url_meta":{"origin":1156,"position":5},"title":"Enlaces","author":"AladaaAr","date":"20\/03\/2018","format":false,"excerpt":"Argentina ----------------------------------------- Fundaci\u00f3n Instituto de Estudios Budistas Correo de Contacto: aladaa2010@gmail.com ----------------------------------------- C\u00e1tedra de Estudios Indo-orientales C\u00e1tedra de Medicina Ayurveda Universidad Abierta Iberoamericana Sitio web: http:\/\/www.uai.edu.ar\/ ----------------------------------------- Instituto de Investigaciones Gino Germani, Facultad de Ciencias Sociales, Universidad de Buenos Aires Grupo de Estudios del Este Asi\u00e1tico (GEEA) http:\/\/www.iigg.fsoc.uba.ar\/sitiosdegrupos\/geea\/ Correo de\u2026","rel":"","context":"Entrada similar ","block_context":{"text":"Entrada similar ","link":""},"img":{"alt_text":"","src":"","width":0,"height":0},"classes":[]}],"_links":{"self":[{"href":"http:\/\/aladaa.com.ar\/asiayafrica\/wp-json\/wp\/v2\/pages\/1156","targetHints":{"allow":["GET"]}}],"collection":[{"href":"http:\/\/aladaa.com.ar\/asiayafrica\/wp-json\/wp\/v2\/pages"}],"about":[{"href":"http:\/\/aladaa.com.ar\/asiayafrica\/wp-json\/wp\/v2\/types\/page"}],"author":[{"embeddable":true,"href":"http:\/\/aladaa.com.ar\/asiayafrica\/wp-json\/wp\/v2\/users\/1"}],"replies":[{"embeddable":true,"href":"http:\/\/aladaa.com.ar\/asiayafrica\/wp-json\/wp\/v2\/comments?post=1156"}],"version-history":[{"count":16,"href":"http:\/\/aladaa.com.ar\/asiayafrica\/wp-json\/wp\/v2\/pages\/1156\/revisions"}],"predecessor-version":[{"id":1848,"href":"http:\/\/aladaa.com.ar\/asiayafrica\/wp-json\/wp\/v2\/pages\/1156\/revisions\/1848"}],"wp:featuredmedia":[{"embeddable":true,"href":"http:\/\/aladaa.com.ar\/asiayafrica\/wp-json\/wp\/v2\/media\/1332"}],"wp:attachment":[{"href":"http:\/\/aladaa.com.ar\/asiayafrica\/wp-json\/wp\/v2\/media?parent=1156"}],"curies":[{"name":"wp","href":"https:\/\/api.w.org\/{rel}","templated":true}]}}