{"id":1154,"date":"2018-03-22T10:37:37","date_gmt":"2018-03-22T13:37:37","guid":{"rendered":"http:\/\/aladaa.com.ar\/asiayafrica\/?page_id=1154"},"modified":"2018-03-22T13:59:47","modified_gmt":"2018-03-22T16:59:47","slug":"documentacion-legal","status":"publish","type":"page","link":"http:\/\/aladaa.com.ar\/asiayafrica\/documentacion-legal\/","title":{"rendered":"Documentaci\u00f3n Legal"},"content":{"rendered":"<p><a href=\"http:\/\/www.aladaa.com.ar\/estatuto_aladaa_argentina.pdf\">Estatuto de ALADAA Secci\u00f3n Argentina<\/a> (PDF)<\/p>\n<p><a href=\"http:\/\/www.aladaa.com.ar\/pj_aladaa_ar.pdf\">Personer\u00eda Jur\u00eddica de ALADAA Argentina<\/a> (PDF)<\/p>\n<blockquote class=\"wp-embedded-content\" data-secret=\"4MeXjVUJpd\"><p><a href=\"https:\/\/aladaa.com.ar\/asiayafrica\/institucional\/estatuto-de-aladaa\/\">Estatuto de Aladaa Central<\/a><\/p><\/blockquote>\n<p><iframe loading=\"lazy\" class=\"wp-embedded-content\" sandbox=\"allow-scripts\" security=\"restricted\" style=\"position: absolute; clip: rect(1px, 1px, 1px, 1px);\" title=\"&#8220;Estatuto de Aladaa Central&#8221; &#8212; ALADAA Argentina\" src=\"https:\/\/aladaa.com.ar\/asiayafrica\/institucional\/estatuto-de-aladaa\/embed\/#?secret=lCFDPnYB3p#?secret=4MeXjVUJpd\" data-secret=\"4MeXjVUJpd\" width=\"600\" height=\"338\" frameborder=\"0\" marginwidth=\"0\" marginheight=\"0\" scrolling=\"no\"><\/iframe><\/p>\n","protected":false},"excerpt":{"rendered":"<p>Estatuto de ALADAA Secci\u00f3n Argentina (PDF) Personer\u00eda Jur\u00eddica de ALADAA Argentina (PDF) Estatuto de Aladaa Central<\/p>\n","protected":false},"author":1,"featured_media":0,"parent":0,"menu_order":0,"comment_status":"closed","ping_status":"closed","template":"sidebar-page.php","meta":{"footnotes":""},"class_list":["post-1154","page","type-page","status-publish","hentry"],"jetpack_sharing_enabled":true,"jetpack_shortlink":"https:\/\/wp.me\/P9LsG3-iC","jetpack_likes_enabled":true,"jetpack-related-posts":[{"id":1088,"url":"http:\/\/aladaa.com.ar\/asiayafrica\/coleccion-aladaa\/","url_meta":{"origin":1154,"position":0},"title":"Colecci\u00f3n ALADAA","author":"AladaaAr","date":"20\/03\/2018","format":false,"excerpt":"La presente colecci\u00f3n es la Colecci\u00f3n Cient\u00edfica de la Secci\u00f3n Argentina de ALADAA, que incluye la publicaci\u00f3n de Actas de eventos acad\u00e9micos (congresos, jornadas, etc.) desarrollados en el marco de ALADAA y otros textos producidos en su \u00e1mbito. Su ISSN es: 2346-8602 y se inici\u00f3 en 2013. Las Directoras de\u2026","rel":"","context":"Entrada similar ","block_context":{"text":"Entrada similar ","link":""},"img":{"alt_text":"","src":"","width":0,"height":0},"classes":[]},{"id":1159,"url":"http:\/\/aladaa.com.ar\/asiayafrica\/congresos-internacionales\/","url_meta":{"origin":1154,"position":1},"title":"Congresos Internacionales","author":"AladaaAr","date":"22\/03\/2018","format":false,"excerpt":"XVI Congreso Internacional de ALADAA, Per\u00fa - 1 al 4 de agosto de 2018 (Sitio externo) XV Congreso Internacional de ALADAA, Chile - 11 al 14 de enero de 2016 (Sitio externo) XIV Congreso Internacional de ALADAA. Argentina\u00a0 - 13-17 de agosto, 2013 (PDF)","rel":"","context":"Entrada similar ","block_context":{"text":"Entrada similar ","link":""},"img":{"alt_text":"","src":"","width":0,"height":0},"classes":[]},{"id":1086,"url":"http:\/\/aladaa.com.ar\/asiayafrica\/publicaciones\/","url_meta":{"origin":1154,"position":2},"title":"Boletines","author":"AladaaAr","date":"20\/03\/2018","format":false,"excerpt":"Boletines de ALADAA Argentina Las relaciones de Corea del Sur y Jap\u00f3n en el contexto internacional Rodolfo Molina, Septiembre 2012 El impacto del terrorismo y otras formas de violencia en el turismo internacional del Siglo XXI. El caso de Argentina Norberto M\u00e9ndez, Julio 2012 Les personnages f\u00e9minins de Sembene Oussmane\u2026","rel":"","context":"Entrada similar ","block_context":{"text":"Entrada similar ","link":""},"img":{"alt_text":"","src":"","width":0,"height":0},"classes":[]},{"id":1158,"url":"http:\/\/aladaa.com.ar\/asiayafrica\/congresos-nacionales\/","url_meta":{"origin":1154,"position":3},"title":"Congresos Nacionales","author":"AladaaAr","date":"22\/03\/2018","format":false,"excerpt":"Congreso Nacional de ALADAA, Secci\u00f3n Argentina, 2017 Programa y mesas Congreso Nacional de ALADAA, Secci\u00f3n Argentina, 2014 Programa y Mesas Congreso Nacional de ALADAA, Secci\u00f3n Argentina, 2012 Tercera Circular Congreso Nacional de ALADAA, Secci\u00f3n Argentina, 2010 Programa y Ponencias Congreso Nacional de ALADAA, Secci\u00f3n Argentina, 2008 Programa y ponencias Congreso\u2026","rel":"","context":"Entrada similar ","block_context":{"text":"Entrada similar ","link":""},"img":{"alt_text":"","src":"","width":0,"height":0},"classes":[]},{"id":1080,"url":"http:\/\/aladaa.com.ar\/asiayafrica\/institucional\/","url_meta":{"origin":1154,"position":4},"title":"Institucional","author":"AladaaAr","date":"20\/03\/2018","format":false,"excerpt":"La Asociaci\u00f3n Latinoamericana de Estudios de Asia y \u00c1frica (ALADAA) fue creada en 1976, al celebrarse el XXX Congreso Internacional de Ciencias Humanas de Asia y \u00c1frica del Norte, que tuvo sede en el Centro de Estudios de Asia y \u00c1frica (CEAA) de El Colegio de M\u00e9xico.Su Sede Argentina, sigue\u2026","rel":"","context":"Entrada similar ","block_context":{"text":"Entrada similar ","link":""},"img":{"alt_text":"","src":"","width":0,"height":0},"classes":[]},{"id":1983,"url":"http:\/\/aladaa.com.ar\/asiayafrica\/los-estudios-africanos-y-asiaticos-en-2022-actas-del-x-congreso-nacional-aladaa-argentina\/","url_meta":{"origin":1154,"position":5},"title":"LOS ESTUDIOS AFRICANOS Y ASI\u00c1TICOS EN 2022 \u2013 Actas del X Congreso Nacional ALADAA Argentina","author":"Coordinaci\u00f3n Aladaa","date":"13\/07\/2023","format":false,"excerpt":"VER LIBRO","rel":"","context":"Entrada similar ","block_context":{"text":"Entrada similar ","link":""},"img":{"alt_text":"","src":"https:\/\/i0.wp.com\/aladaa.com.ar\/asiayafrica\/wp-content\/uploads\/2023\/07\/presentacion-libro-02.png?resize=350%2C200&ssl=1","width":350,"height":200,"srcset":"https:\/\/i0.wp.com\/aladaa.com.ar\/asiayafrica\/wp-content\/uploads\/2023\/07\/presentacion-libro-02.png?resize=350%2C200&ssl=1 1x, https:\/\/i0.wp.com\/aladaa.com.ar\/asiayafrica\/wp-content\/uploads\/2023\/07\/presentacion-libro-02.png?resize=525%2C300&ssl=1 1.5x"},"classes":[]}],"_links":{"self":[{"href":"http:\/\/aladaa.com.ar\/asiayafrica\/wp-json\/wp\/v2\/pages\/1154","targetHints":{"allow":["GET"]}}],"collection":[{"href":"http:\/\/aladaa.com.ar\/asiayafrica\/wp-json\/wp\/v2\/pages"}],"about":[{"href":"http:\/\/aladaa.com.ar\/asiayafrica\/wp-json\/wp\/v2\/types\/page"}],"author":[{"embeddable":true,"href":"http:\/\/aladaa.com.ar\/asiayafrica\/wp-json\/wp\/v2\/users\/1"}],"replies":[{"embeddable":true,"href":"http:\/\/aladaa.com.ar\/asiayafrica\/wp-json\/wp\/v2\/comments?post=1154"}],"version-history":[{"count":3,"href":"http:\/\/aladaa.com.ar\/asiayafrica\/wp-json\/wp\/v2\/pages\/1154\/revisions"}],"predecessor-version":[{"id":1174,"href":"http:\/\/aladaa.com.ar\/asiayafrica\/wp-json\/wp\/v2\/pages\/1154\/revisions\/1174"}],"wp:attachment":[{"href":"http:\/\/aladaa.com.ar\/asiayafrica\/wp-json\/wp\/v2\/media?parent=1154"}],"curies":[{"name":"wp","href":"https:\/\/api.w.org\/{rel}","templated":true}]}}